{"id":1305,"date":"2019-06-14T12:20:24","date_gmt":"2019-06-14T10:20:24","guid":{"rendered":"http:\/\/concertrh.com\/index.php\/elisabeth-grosse-2\/"},"modified":"2022-09-15T11:15:49","modified_gmt":"2022-09-15T09:15:49","slug":"elisabeth-grosse-consultante","status":"publish","type":"page","link":"https:\/\/concertrh.com\/index.php\/a-propos-de-nous-2\/elisabeth-grosse-consultante\/","title":{"rendered":"Elisabeth Grosse &#8211; Psychosociologue des Organisations"},"content":{"rendered":"\t\t<div data-elementor-type=\"wp-page\" data-elementor-id=\"1305\" class=\"elementor elementor-1305\">\n\t\t\t\t\t\t<div class=\"elementor-inner\">\n\t\t\t\t<div class=\"elementor-section-wrap\">\n\t\t\t\t\t\t\t\t\t<section class=\"elementor-section elementor-top-section elementor-element elementor-element-c695d87 elementor-section-boxed elementor-section-height-default elementor-section-height-default\" data-id=\"c695d87\" data-element_type=\"section\">\n\t\t\t\t\t\t<div class=\"elementor-container elementor-column-gap-default\">\n\t\t\t\t\t\t\t<div class=\"elementor-row\">\n\t\t\t\t\t\t\t\t\t<\/div>\n\t\t\t\t\t<\/div>\n\t\t<\/section>\n\t\t\t\t<section class=\"elementor-section elementor-top-section elementor-element elementor-element-2fcb216 elementor-section-boxed elementor-section-height-default elementor-section-height-default\" data-id=\"2fcb216\" data-element_type=\"section\">\n\t\t\t\t\t\t<div class=\"elementor-container elementor-column-gap-default\">\n\t\t\t\t\t\t\t<div class=\"elementor-row\">\n\t\t\t\t\t<div class=\"elementor-column elementor-col-33 elementor-top-column elementor-element elementor-element-fc7fbc3\" data-id=\"fc7fbc3\" data-element_type=\"column\">\n\t\t\t<div class=\"elementor-column-wrap elementor-element-populated\">\n\t\t\t\t\t\t\t<div class=\"elementor-widget-wrap\">\n\t\t\t\t\t\t<div class=\"elementor-element elementor-element-885479a elementor-widget elementor-widget-image\" data-id=\"885479a\" data-element_type=\"widget\" data-widget_type=\"image.default\">\n\t\t\t\t<div class=\"elementor-widget-container\">\n\t\t\t\t\t\t\t\t<div class=\"elementor-image\">\n\t\t\t\t\t\t\t\t\t\t\t\t<img width=\"1195\" height=\"1416\" src=\"https:\/\/concertrh.com\/wp-content\/uploads\/2022\/09\/1-Elisabeth-Grosse-Photo-2022.jpg\" class=\"attachment-full size-full\" alt=\"\" loading=\"lazy\" srcset=\"https:\/\/concertrh.com\/wp-content\/uploads\/2022\/09\/1-Elisabeth-Grosse-Photo-2022.jpg 1195w, https:\/\/concertrh.com\/wp-content\/uploads\/2022\/09\/1-Elisabeth-Grosse-Photo-2022-253x300.jpg 253w, https:\/\/concertrh.com\/wp-content\/uploads\/2022\/09\/1-Elisabeth-Grosse-Photo-2022-864x1024.jpg 864w, https:\/\/concertrh.com\/wp-content\/uploads\/2022\/09\/1-Elisabeth-Grosse-Photo-2022-768x910.jpg 768w\" sizes=\"(max-width: 1195px) 100vw, 1195px\" \/>\t\t\t\t\t\t\t\t\t\t\t\t\t\t<\/div>\n\t\t\t\t\t\t<\/div>\n\t\t\t\t<\/div>\n\t\t\t\t<div class=\"elementor-element elementor-element-0de24d9 elementor-widget elementor-widget-text-editor\" data-id=\"0de24d9\" data-element_type=\"widget\" data-widget_type=\"text-editor.default\">\n\t\t\t\t<div class=\"elementor-widget-container\">\n\t\t\t\t\t\t\t\t<div class=\"elementor-text-editor elementor-clearfix\">\n\t\t\t\t<p><span style=\"color: #ff6600;\"><strong>Expertises<\/strong><\/span><br \/>\u2022 Pr\u00e9vention et gestion des risques psychosociaux<br \/>\u2022 Accompagnement des transitions et \u00e9volutions des organisations dans des contextes de restructuration, r\u00e9organisation ou plan de d\u00e9part volontaire<br \/>\u2022 Ing\u00e9nierie des dispositifs de mobilit\u00e9<br \/>\u2022 D\u00e9veloppement des ressources humaines<\/p><p><strong><span style=\"color: #ff6600;\">Formation<\/span><\/strong><br \/>\u2022 Master 2 Management, Travail et D\u00e9veloppement Social &#8211; Universit\u00e9 Paris Dauphine<br \/>\u2022 DEUG de Psychologie &#8211; Universit\u00e9 Paris 8<br \/>\u2022 Ecole Sup\u00e9rieure de Publicit\u00e9 &#8211; Paris 16<\/p>\t\t\t\t\t<\/div>\n\t\t\t\t\t\t<\/div>\n\t\t\t\t<\/div>\n\t\t\t\t<div class=\"elementor-element elementor-element-d3eccbf elementor-widget elementor-widget-text-editor\" data-id=\"d3eccbf\" data-element_type=\"widget\" data-widget_type=\"text-editor.default\">\n\t\t\t\t<div class=\"elementor-widget-container\">\n\t\t\t\t\t\t\t\t<div class=\"elementor-text-editor elementor-clearfix\">\n\t\t\t\t<p><span style=\"color: #3366ff;\">Contribution en mati\u00e8re de diversit\u00e9, promotion de l&rsquo;\u00e9galit\u00e9 des chances, pr\u00e9vention de la discrimination : label Egalit\u00e9 Professionnelle, label Diversit\u00e9. Membre actif d&rsquo;associations : A Comp\u00e9tence Egale, Syntec Conseil en Evolution Professionnelle, Association des Professionnels en Sociologie de l&rsquo;Entreprise et du r\u00e9seau IPRP France &#8211; Intervenants en Pr\u00e9vention des Risques Professionnels<\/span><\/p>\t\t\t\t\t<\/div>\n\t\t\t\t\t\t<\/div>\n\t\t\t\t<\/div>\n\t\t\t\t\t\t<\/div>\n\t\t\t\t\t<\/div>\n\t\t<\/div>\n\t\t\t\t<div class=\"elementor-column elementor-col-66 elementor-top-column elementor-element elementor-element-1a2d449\" data-id=\"1a2d449\" data-element_type=\"column\">\n\t\t\t<div class=\"elementor-column-wrap elementor-element-populated\">\n\t\t\t\t\t\t\t<div class=\"elementor-widget-wrap\">\n\t\t\t\t\t\t<div class=\"elementor-element elementor-element-7b26def elementor-widget elementor-widget-text-editor\" data-id=\"7b26def\" data-element_type=\"widget\" data-widget_type=\"text-editor.default\">\n\t\t\t\t<div class=\"elementor-widget-container\">\n\t\t\t\t\t\t\t\t<div class=\"elementor-text-editor elementor-clearfix\">\n\t\t\t\t<p><span style=\"color: #f85d41;\"><strong>Parcours<\/strong><\/span><\/p><p><strong><span style=\"color: #3366ff;\">Intervenante en pr\u00e9vention des risques professionnels. Consultante en organisation du travail &#8211; ITG (depuis 2017)<\/span><\/strong><br \/>\u2022 Accompagnement des transformations : r\u00e9alisation de diagnostics organisationnels, audits de pratiques manag\u00e9riales<br \/>\u2022 Accompagnement des plans de pr\u00e9vention des risques psychosociaux et d\u2019am\u00e9lioration de qualit\u00e9 de vie au travail.<br \/>\u2022 Gestion de situations de crise : harc\u00e8lement, \u00e9v\u00e9nements de nature traumatiques<\/p><p><strong><span style=\"color: #3366ff;\">Consultante RH &#8211; p\u00f4le public, parapublic &#8211; HRCP (2011-2016)<\/span><\/strong><br \/>\u2022\u00a0Accompagnement de salari\u00e9s dans le cadre de PSE. Animation d\u2019ateliers aupr\u00e8s de cadres sup\u00e9rieurs en repositionnement professionnel<br \/>\u2022\u00a0Chasse de t\u00eate. Approche directe de profils middle et top management, toutes fonctions op\u00e9rationnelles, techniques, supports et direction<br \/>\u2022\u00a0Aide \u00e0 la mobilit\u00e9 professionnelle<\/p><p><span style=\"color: #3366ff;\"><strong>Consultante en recrutement \u2013 SYSINTER (2005-2011)<\/strong><\/span><br \/>\u2022\u00a0Conception et d\u00e9ploiement de l\u2019offre recrutement<br \/>\u2022 Chasse de t\u00eates : cadres sup\u00e9rieurs et experts techniques<br \/>\u2022\u00a0Missions d&rsquo;assessment. Observation comportementale, dans le cadre d&rsquo;\u00e9volution interne ou d\u2019une prise de poste<\/p><p><strong><span style=\"color: #3366ff;\">Responsable grands comptes \u2013 ESN. Secteurs : banque, assurance, industrie, public et parapublic (1993-2004)<\/span><\/strong><br \/>\u2022\u00a0Acquisition et fid\u00e9lisation de comptes. Analyse de besoins, \u00e9laboration de l\u2019offre commerciale, conduite des n\u00e9gociations<br \/>\u2022\u00a0R\u00e9ponses \u00e0 appels d\u2019offres, soutenance et rendez-vous clients<br \/>\u2022\u00a0Coordination de projets et gestion d\u2019\u00e9quipes<\/p>\t\t\t\t\t<\/div>\n\t\t\t\t\t\t<\/div>\n\t\t\t\t<\/div>\n\t\t\t\t\t\t<\/div>\n\t\t\t\t\t<\/div>\n\t\t<\/div>\n\t\t\t\t\t\t\t\t<\/div>\n\t\t\t\t\t<\/div>\n\t\t<\/section>\n\t\t\t\t\t\t\t\t\t<\/div>\n\t\t\t<\/div>\n\t\t\t\t\t<\/div>\n\t\t","protected":false},"excerpt":{"rendered":"<p>Expertises\u2022 Pr\u00e9vention et gestion des risques psychosociaux\u2022 Accompagnement des transitions et \u00e9volutions des organisations dans des contextes de restructuration, r\u00e9organisation ou plan de d\u00e9part volontaire\u2022 Ing\u00e9nierie des dispositifs de mobilit\u00e9\u2022 D\u00e9veloppement des ressources humaines Formation\u2022 Master 2 Management, Travail et D\u00e9veloppement Social &#8211; Universit\u00e9 Paris Dauphine\u2022 DEUG de Psychologie &#8211; Universit\u00e9 Paris 8\u2022 Ecole Sup\u00e9rieure [&hellip;]<\/p>\n","protected":false},"author":1,"featured_media":0,"parent":214,"menu_order":1,"comment_status":"closed","ping_status":"closed","template":"","meta":[],"_links":{"self":[{"href":"https:\/\/concertrh.com\/index.php\/wp-json\/wp\/v2\/pages\/1305"}],"collection":[{"href":"https:\/\/concertrh.com\/index.php\/wp-json\/wp\/v2\/pages"}],"about":[{"href":"https:\/\/concertrh.com\/index.php\/wp-json\/wp\/v2\/types\/page"}],"author":[{"embeddable":true,"href":"https:\/\/concertrh.com\/index.php\/wp-json\/wp\/v2\/users\/1"}],"replies":[{"embeddable":true,"href":"https:\/\/concertrh.com\/index.php\/wp-json\/wp\/v2\/comments?post=1305"}],"version-history":[{"count":48,"href":"https:\/\/concertrh.com\/index.php\/wp-json\/wp\/v2\/pages\/1305\/revisions"}],"predecessor-version":[{"id":2717,"href":"https:\/\/concertrh.com\/index.php\/wp-json\/wp\/v2\/pages\/1305\/revisions\/2717"}],"up":[{"embeddable":true,"href":"https:\/\/concertrh.com\/index.php\/wp-json\/wp\/v2\/pages\/214"}],"wp:attachment":[{"href":"https:\/\/concertrh.com\/index.php\/wp-json\/wp\/v2\/media?parent=1305"}],"curies":[{"name":"wp","href":"https:\/\/api.w.org\/{rel}","templated":true}]}}