{"id":1498,"date":"2020-12-15T09:28:08","date_gmt":"2020-12-15T08:28:08","guid":{"rendered":"http:\/\/concertrh.com\/?page_id=1498"},"modified":"2022-09-16T19:56:54","modified_gmt":"2022-09-16T17:56:54","slug":"bienvenue","status":"publish","type":"page","link":"https:\/\/concertrh.com\/","title":{"rendered":"Bienvenue"},"content":{"rendered":"\t\t<div data-elementor-type=\"wp-page\" data-elementor-id=\"1498\" class=\"elementor elementor-1498\">\n\t\t\t\t\t\t<div class=\"elementor-inner\">\n\t\t\t\t<div class=\"elementor-section-wrap\">\n\t\t\t\t\t\t\t\t\t<section class=\"elementor-section elementor-top-section elementor-element elementor-element-e4fb1e9 elementor-section-boxed elementor-section-height-default elementor-section-height-default\" data-id=\"e4fb1e9\" data-element_type=\"section\">\n\t\t\t\t\t\t<div class=\"elementor-container elementor-column-gap-default\">\n\t\t\t\t\t\t\t<div class=\"elementor-row\">\n\t\t\t\t\t<div class=\"elementor-column elementor-col-100 elementor-top-column elementor-element elementor-element-18cc6a5\" data-id=\"18cc6a5\" data-element_type=\"column\">\n\t\t\t<div class=\"elementor-column-wrap elementor-element-populated\">\n\t\t\t\t\t\t\t<div class=\"elementor-widget-wrap\">\n\t\t\t\t\t\t<div class=\"elementor-element elementor-element-58f1a28 elementor-widget elementor-widget-text-editor\" data-id=\"58f1a28\" data-element_type=\"widget\" data-widget_type=\"text-editor.default\">\n\t\t\t\t<div class=\"elementor-widget-container\">\n\t\t\t\t\t\t\t\t<div class=\"elementor-text-editor elementor-clearfix\">\n\t\t\t\t<h2 style=\"text-align: center;\"><strong><span style=\"color: #2b67c5;\">Concert&rsquo;RH<\/span><\/strong><\/h2><h4 style=\"text-align: center;\">Cabinet de conseil RH sp\u00e9cialis\u00e9 en <span style=\"color: #2b67c5;\"><strong>organisation du travail<\/strong>, <\/span>accompagnement des transformations, <span style=\"color: #2b67c5;\"><strong>recherche de talents<\/strong>, <\/span>am\u00e9lioration de la qualit\u00e9 de vie au travail et <span style=\"color: #2b67c5;\"><strong>pr\u00e9vention des risques <\/strong><strong>professionnels<\/strong><\/span><\/h4><h4 style=\"text-align: center;\">Notre \u00e9quipe d\u2019experts accompagne les entreprises et les individus par une <span style=\"color: #2b67c5;\"><strong>approche syst\u00e9mique et pluridisciplinaire<\/strong><\/span><span style=\"color: #2b67c5;\"><strong>\u00a0<\/strong>:<\/span><br \/><strong>sociologie, psychologie, ergonomie, m\u00e9diation, m\u00e9decine du travail, communication de crise<\/strong><\/h4>\t\t\t\t\t<\/div>\n\t\t\t\t\t\t<\/div>\n\t\t\t\t<\/div>\n\t\t\t\t\t\t<\/div>\n\t\t\t\t\t<\/div>\n\t\t<\/div>\n\t\t\t\t\t\t\t\t<\/div>\n\t\t\t\t\t<\/div>\n\t\t<\/section>\n\t\t\t\t<section class=\"elementor-section elementor-top-section elementor-element elementor-element-c823341 elementor-section-boxed elementor-section-height-default elementor-section-height-default\" data-id=\"c823341\" data-element_type=\"section\">\n\t\t\t\t\t\t<div class=\"elementor-container elementor-column-gap-default\">\n\t\t\t\t\t\t\t<div class=\"elementor-row\">\n\t\t\t\t\t<div class=\"elementor-column elementor-col-100 elementor-top-column elementor-element elementor-element-2dcccb7\" data-id=\"2dcccb7\" data-element_type=\"column\">\n\t\t\t<div class=\"elementor-column-wrap elementor-element-populated\">\n\t\t\t\t\t\t\t<div class=\"elementor-widget-wrap\">\n\t\t\t\t\t\t<div class=\"elementor-element elementor-element-60ef882 animated-slow elementor-view-default elementor-invisible elementor-widget elementor-widget-icon\" data-id=\"60ef882\" data-element_type=\"widget\" data-settings=\"{&quot;_animation&quot;:&quot;fadeInDown&quot;}\" data-widget_type=\"icon.default\">\n\t\t\t\t<div class=\"elementor-widget-container\">\n\t\t\t\t\t<div class=\"elementor-icon-wrapper\">\n\t\t\t<div class=\"elementor-icon\">\n\t\t\t<i aria-hidden=\"true\" class=\"fas fa-hand-point-down\"><\/i>\t\t\t<\/div>\n\t\t<\/div>\n\t\t\t\t<\/div>\n\t\t\t\t<\/div>\n\t\t\t\t\t\t<\/div>\n\t\t\t\t\t<\/div>\n\t\t<\/div>\n\t\t\t\t\t\t\t\t<\/div>\n\t\t\t\t\t<\/div>\n\t\t<\/section>\n\t\t\t\t<section class=\"elementor-section elementor-top-section elementor-element elementor-element-43d086e elementor-section-boxed elementor-section-height-default elementor-section-height-default\" data-id=\"43d086e\" data-element_type=\"section\">\n\t\t\t\t\t\t<div class=\"elementor-container elementor-column-gap-default\">\n\t\t\t\t\t\t\t<div class=\"elementor-row\">\n\t\t\t\t\t<div class=\"elementor-column elementor-col-100 elementor-top-column elementor-element elementor-element-271ec39\" data-id=\"271ec39\" data-element_type=\"column\">\n\t\t\t<div class=\"elementor-column-wrap elementor-element-populated\">\n\t\t\t\t\t\t\t<div class=\"elementor-widget-wrap\">\n\t\t\t\t\t\t<div class=\"elementor-element elementor-element-5b1acaa elementor-widget elementor-widget-text-editor\" data-id=\"5b1acaa\" data-element_type=\"widget\" data-widget_type=\"text-editor.default\">\n\t\t\t\t<div class=\"elementor-widget-container\">\n\t\t\t\t\t\t\t\t<div class=\"elementor-text-editor elementor-clearfix\">\n\t\t\t\t<p style=\"text-align: center;\">\u2666 Conduire et accompagner le changement<br \/>\u2666 Concilier performance \u00e9conomique et performance sociale<br \/>\u2666 Mobiliser toutes les ressources de l\u2019organisation<br \/>\u2666\u00a0Rendre les acteurs autonomes et responsables<\/p>\t\t\t\t\t<\/div>\n\t\t\t\t\t\t<\/div>\n\t\t\t\t<\/div>\n\t\t\t\t\t\t<\/div>\n\t\t\t\t\t<\/div>\n\t\t<\/div>\n\t\t\t\t\t\t\t\t<\/div>\n\t\t\t\t\t<\/div>\n\t\t<\/section>\n\t\t\t\t\t\t\t\t\t<\/div>\n\t\t\t<\/div>\n\t\t\t\t\t<\/div>\n\t\t","protected":false},"excerpt":{"rendered":"<p>Concert&rsquo;RH Cabinet de conseil RH sp\u00e9cialis\u00e9 en organisation du travail, accompagnement des transformations, recherche de talents, am\u00e9lioration de la qualit\u00e9 de vie au travail et pr\u00e9vention des risques professionnels Notre \u00e9quipe d\u2019experts accompagne les entreprises et les individus par une approche syst\u00e9mique et pluridisciplinaire\u00a0:sociologie, psychologie, ergonomie, m\u00e9diation, m\u00e9decine du travail, communication de crise \u2666 Conduire [&hellip;]<\/p>\n","protected":false},"author":1,"featured_media":0,"parent":0,"menu_order":0,"comment_status":"closed","ping_status":"closed","template":"","meta":[],"_links":{"self":[{"href":"https:\/\/concertrh.com\/index.php\/wp-json\/wp\/v2\/pages\/1498"}],"collection":[{"href":"https:\/\/concertrh.com\/index.php\/wp-json\/wp\/v2\/pages"}],"about":[{"href":"https:\/\/concertrh.com\/index.php\/wp-json\/wp\/v2\/types\/page"}],"author":[{"embeddable":true,"href":"https:\/\/concertrh.com\/index.php\/wp-json\/wp\/v2\/users\/1"}],"replies":[{"embeddable":true,"href":"https:\/\/concertrh.com\/index.php\/wp-json\/wp\/v2\/comments?post=1498"}],"version-history":[{"count":39,"href":"https:\/\/concertrh.com\/index.php\/wp-json\/wp\/v2\/pages\/1498\/revisions"}],"predecessor-version":[{"id":2845,"href":"https:\/\/concertrh.com\/index.php\/wp-json\/wp\/v2\/pages\/1498\/revisions\/2845"}],"wp:attachment":[{"href":"https:\/\/concertrh.com\/index.php\/wp-json\/wp\/v2\/media?parent=1498"}],"curies":[{"name":"wp","href":"https:\/\/api.w.org\/{rel}","templated":true}]}}