{"id":1561,"date":"2020-12-15T11:03:19","date_gmt":"2020-12-15T10:03:19","guid":{"rendered":"http:\/\/concertrh.com\/?page_id=1561"},"modified":"2022-09-16T19:00:15","modified_gmt":"2022-09-16T17:00:15","slug":"communication-de-crise","status":"publish","type":"page","link":"https:\/\/concertrh.com\/index.php\/expertise\/communication-de-crise\/","title":{"rendered":"Recrutement, executive search"},"content":{"rendered":"\t\t<div data-elementor-type=\"wp-page\" data-elementor-id=\"1561\" class=\"elementor elementor-1561\">\n\t\t\t\t\t\t<div class=\"elementor-inner\">\n\t\t\t\t<div class=\"elementor-section-wrap\">\n\t\t\t\t\t\t\t\t\t<section class=\"elementor-section elementor-top-section elementor-element elementor-element-aa19dbc elementor-section-boxed elementor-section-height-default elementor-section-height-default\" data-id=\"aa19dbc\" data-element_type=\"section\">\n\t\t\t\t\t\t<div class=\"elementor-container elementor-column-gap-default\">\n\t\t\t\t\t\t\t<div class=\"elementor-row\">\n\t\t\t\t\t<div class=\"elementor-column elementor-col-50 elementor-top-column elementor-element elementor-element-cbbb77c\" data-id=\"cbbb77c\" data-element_type=\"column\">\n\t\t\t<div class=\"elementor-column-wrap elementor-element-populated\">\n\t\t\t\t\t\t\t<div class=\"elementor-widget-wrap\">\n\t\t\t\t\t\t<div class=\"elementor-element elementor-element-a41ed45 elementor-widget elementor-widget-text-editor\" data-id=\"a41ed45\" data-element_type=\"widget\" data-widget_type=\"text-editor.default\">\n\t\t\t\t<div class=\"elementor-widget-container\">\n\t\t\t\t\t\t\t\t<div class=\"elementor-text-editor elementor-clearfix\">\n\t\t\t\t<p><span style=\"color: #2b67c5;\"><strong>VOS ENJEUX<\/strong><\/span><\/p><p><strong>\u2022 <b>attirer <\/b><\/strong>et recruter de nouveaux talents<strong><br \/>\u2022 <b>r\u00e9ussir <\/b><\/strong>l\u2019int\u00e9gration des candidats\u00a0<strong><br \/>\u2022 <b>assurer<\/b><\/strong> l\u2019\u00e9volution des collaborateurs\u00a0 \u00a0 \u00a0 \u00a0<strong><br \/>\u2022 <b>am\u00e9liorer <\/b><\/strong>votre marque employeur<\/p><p>\u00a0<\/p>\t\t\t\t\t<\/div>\n\t\t\t\t\t\t<\/div>\n\t\t\t\t<\/div>\n\t\t\t\t\t\t<\/div>\n\t\t\t\t\t<\/div>\n\t\t<\/div>\n\t\t\t\t<div class=\"elementor-column elementor-col-50 elementor-top-column elementor-element elementor-element-98bbc4b\" data-id=\"98bbc4b\" data-element_type=\"column\">\n\t\t\t<div class=\"elementor-column-wrap elementor-element-populated\">\n\t\t\t\t\t\t\t<div class=\"elementor-widget-wrap\">\n\t\t\t\t\t\t<div class=\"elementor-element elementor-element-edf43f1 elementor-widget elementor-widget-text-editor\" data-id=\"edf43f1\" data-element_type=\"widget\" data-widget_type=\"text-editor.default\">\n\t\t\t\t<div class=\"elementor-widget-container\">\n\t\t\t\t\t\t\t\t<div class=\"elementor-text-editor elementor-clearfix\">\n\t\t\t\t<p><span style=\"color: #2b67c5;\"><strong>VOS OBJECTIFS <\/strong><\/span><\/p><p><strong>\u2022 <b>trouver <\/b><\/strong>des profils p\u00e9nuriques, des comp\u00e9tences sp\u00e9cifiques, dans des d\u00e9lais courts<br \/><strong>\u2022 <b>\u00e9valuer <\/b><\/strong>les potentiels des candidats\u00a0 et leur motivations\u00a0<br \/><strong>\u2022 fid\u00e9liser<\/strong> les collaborateurs dans le temps<\/p>\t\t\t\t\t<\/div>\n\t\t\t\t\t\t<\/div>\n\t\t\t\t<\/div>\n\t\t\t\t\t\t<\/div>\n\t\t\t\t\t<\/div>\n\t\t<\/div>\n\t\t\t\t\t\t\t\t<\/div>\n\t\t\t\t\t<\/div>\n\t\t<\/section>\n\t\t\t\t<section class=\"elementor-section elementor-top-section elementor-element elementor-element-494ce77 elementor-section-boxed elementor-section-height-default elementor-section-height-default\" data-id=\"494ce77\" data-element_type=\"section\">\n\t\t\t\t\t\t<div class=\"elementor-container elementor-column-gap-default\">\n\t\t\t\t\t\t\t<div class=\"elementor-row\">\n\t\t\t\t\t<div class=\"elementor-column elementor-col-100 elementor-top-column elementor-element elementor-element-2423a09\" data-id=\"2423a09\" data-element_type=\"column\">\n\t\t\t<div class=\"elementor-column-wrap elementor-element-populated\">\n\t\t\t\t\t\t\t<div class=\"elementor-widget-wrap\">\n\t\t\t\t\t\t<div class=\"elementor-element elementor-element-fa99120 elementor-widget elementor-widget-text-editor\" data-id=\"fa99120\" data-element_type=\"widget\" data-widget_type=\"text-editor.default\">\n\t\t\t\t<div class=\"elementor-widget-container\">\n\t\t\t\t\t\t\t\t<div class=\"elementor-text-editor elementor-clearfix\">\n\t\t\t\t<p style=\"text-align: center;\"><span style=\"color: #f85d41;\"><strong>Notre approche est centr\u00e9e sur la r\u00e9activit\u00e9 et<b> l&rsquo;\u00e9valuation fine et personnalis\u00e9e des besoins de l\u2019entreprise et des attentes du candidat afin de :<\/b><\/strong><\/span><\/p><ul><li><strong>comprendre, anticiper et r\u00e9pondre <\/strong>aux besoins de l\u2019entreprise ET du collaborateur, indispensables et indissociables d\u2019une politique de recrutement p\u00e9renne<\/li><li><strong>r\u00e9pondre <\/strong>\u00e0 la p\u00e9nurie de candidatures<\/li><li><strong>proposer <\/strong>une exp\u00e9rience candidat personnalis\u00e9e<\/li><\/ul>\t\t\t\t\t<\/div>\n\t\t\t\t\t\t<\/div>\n\t\t\t\t<\/div>\n\t\t\t\t\t\t<\/div>\n\t\t\t\t\t<\/div>\n\t\t<\/div>\n\t\t\t\t\t\t\t\t<\/div>\n\t\t\t\t\t<\/div>\n\t\t<\/section>\n\t\t\t\t<section class=\"elementor-section elementor-top-section elementor-element elementor-element-2f2d59f elementor-section-boxed elementor-section-height-default elementor-section-height-default\" data-id=\"2f2d59f\" data-element_type=\"section\">\n\t\t\t\t\t\t<div class=\"elementor-container elementor-column-gap-default\">\n\t\t\t\t\t\t\t<div class=\"elementor-row\">\n\t\t\t\t\t<div class=\"elementor-column elementor-col-66 elementor-top-column elementor-element elementor-element-1e1e973\" data-id=\"1e1e973\" data-element_type=\"column\">\n\t\t\t<div class=\"elementor-column-wrap elementor-element-populated\">\n\t\t\t\t\t\t\t<div class=\"elementor-widget-wrap\">\n\t\t\t\t\t\t<div class=\"elementor-element elementor-element-8deb970 elementor-widget elementor-widget-text-editor\" data-id=\"8deb970\" data-element_type=\"widget\" data-widget_type=\"text-editor.default\">\n\t\t\t\t<div class=\"elementor-widget-container\">\n\t\t\t\t\t\t\t\t<div class=\"elementor-text-editor elementor-clearfix\">\n\t\t\t\t<p><span style=\"color: #f85d41;\"><strong><span style=\"color: #7030a0; font-family: Calibri; font-size: 12pt; font-style: italic; text-align: center; background-color: inherit;\">\u00ab\u00a0L&rsquo;art le plus difficile est pas de choisir les hommes mais de donner aux hommes qu&rsquo;on a choisis toute la valeur qu&rsquo;ils peuvent avoir.\u00a0\u00bb Napol\u00e9on Bonaparte.<\/span>\u00a0<\/strong><\/span><\/p>\t\t\t\t\t<\/div>\n\t\t\t\t\t\t<\/div>\n\t\t\t\t<\/div>\n\t\t\t\t\t\t<\/div>\n\t\t\t\t\t<\/div>\n\t\t<\/div>\n\t\t\t\t<div class=\"elementor-column elementor-col-33 elementor-top-column elementor-element elementor-element-ee54889\" data-id=\"ee54889\" data-element_type=\"column\">\n\t\t\t<div class=\"elementor-column-wrap elementor-element-populated\">\n\t\t\t\t\t\t\t<div class=\"elementor-widget-wrap\">\n\t\t\t\t\t\t<div class=\"elementor-element elementor-element-dd831d4 elementor-widget elementor-widget-image\" data-id=\"dd831d4\" data-element_type=\"widget\" data-widget_type=\"image.default\">\n\t\t\t\t<div class=\"elementor-widget-container\">\n\t\t\t\t\t\t\t\t<div class=\"elementor-image\">\n\t\t\t\t\t\t\t\t\t\t\t\t<img width=\"1024\" height=\"880\" src=\"https:\/\/concertrh.com\/wp-content\/uploads\/2021\/01\/ConcertRH_carre5-1024x880.jpg\" class=\"attachment-large size-large\" alt=\"\" loading=\"lazy\" srcset=\"https:\/\/concertrh.com\/wp-content\/uploads\/2021\/01\/ConcertRH_carre5-1024x880.jpg 1024w, https:\/\/concertrh.com\/wp-content\/uploads\/2021\/01\/ConcertRH_carre5-300x258.jpg 300w, https:\/\/concertrh.com\/wp-content\/uploads\/2021\/01\/ConcertRH_carre5-768x660.jpg 768w, https:\/\/concertrh.com\/wp-content\/uploads\/2021\/01\/ConcertRH_carre5-1536x1320.jpg 1536w, https:\/\/concertrh.com\/wp-content\/uploads\/2021\/01\/ConcertRH_carre5.jpg 1792w\" sizes=\"(max-width: 1024px) 100vw, 1024px\" \/>\t\t\t\t\t\t\t\t\t\t\t\t\t\t<\/div>\n\t\t\t\t\t\t<\/div>\n\t\t\t\t<\/div>\n\t\t\t\t\t\t<\/div>\n\t\t\t\t\t<\/div>\n\t\t<\/div>\n\t\t\t\t\t\t\t\t<\/div>\n\t\t\t\t\t<\/div>\n\t\t<\/section>\n\t\t\t\t<section class=\"elementor-section elementor-top-section elementor-element elementor-element-c5aa00b elementor-section-boxed elementor-section-height-default elementor-section-height-default\" data-id=\"c5aa00b\" data-element_type=\"section\">\n\t\t\t\t\t\t<div class=\"elementor-container elementor-column-gap-default\">\n\t\t\t\t\t\t\t<div class=\"elementor-row\">\n\t\t\t\t\t<div class=\"elementor-column elementor-col-100 elementor-top-column elementor-element elementor-element-c30d8af\" data-id=\"c30d8af\" data-element_type=\"column\">\n\t\t\t<div class=\"elementor-column-wrap elementor-element-populated\">\n\t\t\t\t\t\t\t<div class=\"elementor-widget-wrap\">\n\t\t\t\t\t\t<div class=\"elementor-element elementor-element-a47ff74 elementor-widget elementor-widget-text-editor\" data-id=\"a47ff74\" data-element_type=\"widget\" data-widget_type=\"text-editor.default\">\n\t\t\t\t<div class=\"elementor-widget-container\">\n\t\t\t\t\t\t\t\t<div class=\"elementor-text-editor elementor-clearfix\">\n\t\t\t\t\t\t\t\t\t<\/div>\n\t\t\t\t\t\t<\/div>\n\t\t\t\t<\/div>\n\t\t\t\t\t\t<\/div>\n\t\t\t\t\t<\/div>\n\t\t<\/div>\n\t\t\t\t\t\t\t\t<\/div>\n\t\t\t\t\t<\/div>\n\t\t<\/section>\n\t\t\t\t\t\t\t\t\t<\/div>\n\t\t\t<\/div>\n\t\t\t\t\t<\/div>\n\t\t","protected":false},"excerpt":{"rendered":"<p>VOS ENJEUX \u2022 attirer et recruter de nouveaux talents \u2022 r\u00e9ussir l\u2019int\u00e9gration des candidats&nbsp; \u2022 assurer l\u2019\u00e9volution des collaborateurs&nbsp; &nbsp; &nbsp; &nbsp; \u2022 am\u00e9liorer votre marque employeur VOS OBJECTIFS \u2022 trouver des profils p\u00e9nuriques, des comp\u00e9tences sp\u00e9cifiques, dans des d\u00e9lais courts \u2022 \u00e9valuer les potentiels des candidats&nbsp; et leur motivations&nbsp; \u2022 fid\u00e9liser les collaborateurs dans [&hellip;]<\/p>\n","protected":false},"author":1,"featured_media":2771,"parent":143,"menu_order":6,"comment_status":"closed","ping_status":"closed","template":"","meta":[],"_links":{"self":[{"href":"https:\/\/concertrh.com\/index.php\/wp-json\/wp\/v2\/pages\/1561"}],"collection":[{"href":"https:\/\/concertrh.com\/index.php\/wp-json\/wp\/v2\/pages"}],"about":[{"href":"https:\/\/concertrh.com\/index.php\/wp-json\/wp\/v2\/types\/page"}],"author":[{"embeddable":true,"href":"https:\/\/concertrh.com\/index.php\/wp-json\/wp\/v2\/users\/1"}],"replies":[{"embeddable":true,"href":"https:\/\/concertrh.com\/index.php\/wp-json\/wp\/v2\/comments?post=1561"}],"version-history":[{"count":74,"href":"https:\/\/concertrh.com\/index.php\/wp-json\/wp\/v2\/pages\/1561\/revisions"}],"predecessor-version":[{"id":2735,"href":"https:\/\/concertrh.com\/index.php\/wp-json\/wp\/v2\/pages\/1561\/revisions\/2735"}],"up":[{"embeddable":true,"href":"https:\/\/concertrh.com\/index.php\/wp-json\/wp\/v2\/pages\/143"}],"wp:featuredmedia":[{"embeddable":true,"href":"https:\/\/concertrh.com\/index.php\/wp-json\/wp\/v2\/media\/2771"}],"wp:attachment":[{"href":"https:\/\/concertrh.com\/index.php\/wp-json\/wp\/v2\/media?parent=1561"}],"curies":[{"name":"wp","href":"https:\/\/api.w.org\/{rel}","templated":true}]}}