{"id":1574,"date":"2020-12-15T14:33:50","date_gmt":"2020-12-15T13:33:50","guid":{"rendered":"http:\/\/concertrh.com\/?page_id=1574"},"modified":"2022-09-16T10:18:13","modified_gmt":"2022-09-16T08:18:13","slug":"gestion-des-risques","status":"publish","type":"page","link":"https:\/\/concertrh.com\/index.php\/expertise\/gestion-des-risques\/","title":{"rendered":"Gestion des crises et tensions"},"content":{"rendered":"\t\t<div data-elementor-type=\"wp-page\" data-elementor-id=\"1574\" class=\"elementor elementor-1574\">\n\t\t\t\t\t\t<div class=\"elementor-inner\">\n\t\t\t\t<div class=\"elementor-section-wrap\">\n\t\t\t\t\t\t\t\t\t<section class=\"elementor-section elementor-top-section elementor-element elementor-element-7c92bf7 elementor-section-boxed elementor-section-height-default elementor-section-height-default\" data-id=\"7c92bf7\" data-element_type=\"section\">\n\t\t\t\t\t\t<div class=\"elementor-container elementor-column-gap-default\">\n\t\t\t\t\t\t\t<div class=\"elementor-row\">\n\t\t\t\t\t<div class=\"elementor-column elementor-col-50 elementor-top-column elementor-element elementor-element-d8b09c5\" data-id=\"d8b09c5\" data-element_type=\"column\">\n\t\t\t<div class=\"elementor-column-wrap elementor-element-populated\">\n\t\t\t\t\t\t\t<div class=\"elementor-widget-wrap\">\n\t\t\t\t\t\t<div class=\"elementor-element elementor-element-74b6cea elementor-widget elementor-widget-text-editor\" data-id=\"74b6cea\" data-element_type=\"widget\" data-widget_type=\"text-editor.default\">\n\t\t\t\t<div class=\"elementor-widget-container\">\n\t\t\t\t\t\t\t\t<div class=\"elementor-text-editor elementor-clearfix\">\n\t\t\t\t<p><span style=\"color: #2b67c5;\"><strong>VOS ENJEUX<\/strong><\/span><\/p><p>\u2022 <strong>objectiver<\/strong> les situations de harc\u00e8lement moral et\/ou harc\u00e8lement sexuel<br \/>\u2022 <strong>g\u00e9rer<\/strong> les situations de crise et les \u00e9v\u00e9nements de nature traumatiques : braquage, attaque physique, d\u00e9c\u00e8s, suicide ou tentative suicide<br \/>\u2022 <strong>apaiser<\/strong> et g\u00e9rer de situations de tensions et conflits au sein d\u2019\u00e9quipes : incivilit\u00e9s, agressivit\u00e9, violence<\/p>\t\t\t\t\t<\/div>\n\t\t\t\t\t\t<\/div>\n\t\t\t\t<\/div>\n\t\t\t\t\t\t<\/div>\n\t\t\t\t\t<\/div>\n\t\t<\/div>\n\t\t\t\t<div class=\"elementor-column elementor-col-50 elementor-top-column elementor-element elementor-element-9c04085\" data-id=\"9c04085\" data-element_type=\"column\">\n\t\t\t<div class=\"elementor-column-wrap elementor-element-populated\">\n\t\t\t\t\t\t\t<div class=\"elementor-widget-wrap\">\n\t\t\t\t\t\t<div class=\"elementor-element elementor-element-bb40e26 elementor-widget elementor-widget-text-editor\" data-id=\"bb40e26\" data-element_type=\"widget\" data-widget_type=\"text-editor.default\">\n\t\t\t\t<div class=\"elementor-widget-container\">\n\t\t\t\t\t\t\t\t<div class=\"elementor-text-editor elementor-clearfix\">\n\t\t\t\t<p><span style=\"color: #2b67c5;\"><strong>VOS OBJECTIFS<\/strong><\/span><\/p><p>\u2022 <strong>r\u00e9pondre<\/strong> ou pr\u00e9venir les ph\u00e9nom\u00e8nes d\u2019incivilit\u00e9, d\u2019agressivit\u00e9 et de tensions<br \/>\u2022 <strong>investiguer<\/strong> les all\u00e9gations de harc\u00e8lement<br \/>\u2022 <strong>soutenir<\/strong> les salari\u00e9s en difficult\u00e9 suite \u00e0 un \u00e9v\u00e9nement traumatique ou une situation difficile<\/p>\t\t\t\t\t<\/div>\n\t\t\t\t\t\t<\/div>\n\t\t\t\t<\/div>\n\t\t\t\t\t\t<\/div>\n\t\t\t\t\t<\/div>\n\t\t<\/div>\n\t\t\t\t\t\t\t\t<\/div>\n\t\t\t\t\t<\/div>\n\t\t<\/section>\n\t\t\t\t<section class=\"elementor-section elementor-top-section elementor-element elementor-element-10b1e47 elementor-section-boxed elementor-section-height-default elementor-section-height-default\" data-id=\"10b1e47\" data-element_type=\"section\">\n\t\t\t\t\t\t<div class=\"elementor-container elementor-column-gap-default\">\n\t\t\t\t\t\t\t<div class=\"elementor-row\">\n\t\t\t\t\t<div class=\"elementor-column elementor-col-100 elementor-top-column elementor-element elementor-element-4973a8e\" data-id=\"4973a8e\" data-element_type=\"column\">\n\t\t\t<div class=\"elementor-column-wrap elementor-element-populated\">\n\t\t\t\t\t\t\t<div class=\"elementor-widget-wrap\">\n\t\t\t\t\t\t<div class=\"elementor-element elementor-element-78e05de elementor-widget elementor-widget-text-editor\" data-id=\"78e05de\" data-element_type=\"widget\" data-widget_type=\"text-editor.default\">\n\t\t\t\t<div class=\"elementor-widget-container\">\n\t\t\t\t\t\t\t\t<div class=\"elementor-text-editor elementor-clearfix\">\n\t\t\t\t<p style=\"text-align: center;\"><span style=\"color: #f85d41;\"><strong>Notre approche consiste, apr\u00e8s diagnostic et selon les cas :<\/strong><\/span><\/p><p style=\"text-align: left;\">\u2022 <strong>restitution<\/strong> individuelle ou collective &#8211; avec recommandations et r\u00e9tro-planning<br \/>\u2022<strong> mise en place de dispositifs<\/strong> de soutien ou d\u2019\u00e9coute psychologique<br \/>\u2022<strong> prise en charge<\/strong> ou traitement des addictions<br \/>\u2022<strong> d\u00e9ploiement d\u2019une d\u00e9marche<\/strong> de r\u00e9solution de conflit<\/p>\t\t\t\t\t<\/div>\n\t\t\t\t\t\t<\/div>\n\t\t\t\t<\/div>\n\t\t\t\t\t\t<\/div>\n\t\t\t\t\t<\/div>\n\t\t<\/div>\n\t\t\t\t\t\t\t\t<\/div>\n\t\t\t\t\t<\/div>\n\t\t<\/section>\n\t\t\t\t<section class=\"elementor-section elementor-top-section elementor-element elementor-element-0521003 elementor-section-boxed elementor-section-height-default elementor-section-height-default\" data-id=\"0521003\" data-element_type=\"section\">\n\t\t\t\t\t\t<div class=\"elementor-container elementor-column-gap-default\">\n\t\t\t\t\t\t\t<div class=\"elementor-row\">\n\t\t\t\t\t<div class=\"elementor-column elementor-col-66 elementor-top-column elementor-element elementor-element-f4f14a0\" data-id=\"f4f14a0\" data-element_type=\"column\">\n\t\t\t<div class=\"elementor-column-wrap elementor-element-populated\">\n\t\t\t\t\t\t\t<div class=\"elementor-widget-wrap\">\n\t\t\t\t\t\t<div class=\"elementor-element elementor-element-c500913 elementor-widget elementor-widget-text-editor\" data-id=\"c500913\" data-element_type=\"widget\" data-widget_type=\"text-editor.default\">\n\t\t\t\t<div class=\"elementor-widget-container\">\n\t\t\t\t\t\t\t\t<div class=\"elementor-text-editor elementor-clearfix\">\n\t\t\t\t<p><span style=\"color: #f85d41;\"><strong>&gt; Nos solutions<\/strong><\/span><\/p><p style=\"margin: 0cm;\">\u2022 Diagnostic des situations de tension<\/p><p style=\"margin: 0cm;\">\u2022 Dispositif de gestion de crise interne ou externe<\/p><p style=\"margin: 0cm;\">\u2022 Accompagnement psychologique ou manag\u00e9rial<\/p><p style=\"margin: 0cm;\">\u2022 Ecoute clinique, soutien psychologique<\/p><p>\u00a0<\/p>\t\t\t\t\t<\/div>\n\t\t\t\t\t\t<\/div>\n\t\t\t\t<\/div>\n\t\t\t\t\t\t<\/div>\n\t\t\t\t\t<\/div>\n\t\t<\/div>\n\t\t\t\t<div class=\"elementor-column elementor-col-33 elementor-top-column elementor-element elementor-element-05c556f\" data-id=\"05c556f\" data-element_type=\"column\">\n\t\t\t<div class=\"elementor-column-wrap elementor-element-populated\">\n\t\t\t\t\t\t\t<div class=\"elementor-widget-wrap\">\n\t\t\t\t\t\t<div class=\"elementor-element elementor-element-95e9043 elementor-widget elementor-widget-image\" data-id=\"95e9043\" data-element_type=\"widget\" data-widget_type=\"image.default\">\n\t\t\t\t<div class=\"elementor-widget-container\">\n\t\t\t\t\t\t\t\t<div class=\"elementor-image\">\n\t\t\t\t\t\t\t\t\t\t\t\t<img width=\"1024\" height=\"880\" src=\"https:\/\/concertrh.com\/wp-content\/uploads\/2021\/01\/ConcertRH_carre6-1024x880.jpg\" class=\"attachment-large size-large\" alt=\"\" loading=\"lazy\" srcset=\"https:\/\/concertrh.com\/wp-content\/uploads\/2021\/01\/ConcertRH_carre6-1024x880.jpg 1024w, https:\/\/concertrh.com\/wp-content\/uploads\/2021\/01\/ConcertRH_carre6-300x258.jpg 300w, https:\/\/concertrh.com\/wp-content\/uploads\/2021\/01\/ConcertRH_carre6-768x660.jpg 768w, https:\/\/concertrh.com\/wp-content\/uploads\/2021\/01\/ConcertRH_carre6-1536x1320.jpg 1536w, https:\/\/concertrh.com\/wp-content\/uploads\/2021\/01\/ConcertRH_carre6.jpg 1792w\" sizes=\"(max-width: 1024px) 100vw, 1024px\" \/>\t\t\t\t\t\t\t\t\t\t\t\t\t\t<\/div>\n\t\t\t\t\t\t<\/div>\n\t\t\t\t<\/div>\n\t\t\t\t\t\t<\/div>\n\t\t\t\t\t<\/div>\n\t\t<\/div>\n\t\t\t\t\t\t\t\t<\/div>\n\t\t\t\t\t<\/div>\n\t\t<\/section>\n\t\t\t\t\t\t\t\t\t<\/div>\n\t\t\t<\/div>\n\t\t\t\t\t<\/div>\n\t\t","protected":false},"excerpt":{"rendered":"<p>VOS ENJEUX \u2022 objectiver les situations de harc\u00e8lement moral et\/ou harc\u00e8lement sexuel\u2022 g\u00e9rer les situations de crise et les \u00e9v\u00e9nements de nature traumatiques : braquage, attaque physique, d\u00e9c\u00e8s, suicide ou tentative suicide\u2022 apaiser et g\u00e9rer de situations de tensions et conflits au sein d\u2019\u00e9quipes : incivilit\u00e9s, agressivit\u00e9, violence VOS OBJECTIFS \u2022 r\u00e9pondre ou pr\u00e9venir les [&hellip;]<\/p>\n","protected":false},"author":1,"featured_media":2204,"parent":143,"menu_order":3,"comment_status":"closed","ping_status":"closed","template":"","meta":[],"_links":{"self":[{"href":"https:\/\/concertrh.com\/index.php\/wp-json\/wp\/v2\/pages\/1574"}],"collection":[{"href":"https:\/\/concertrh.com\/index.php\/wp-json\/wp\/v2\/pages"}],"about":[{"href":"https:\/\/concertrh.com\/index.php\/wp-json\/wp\/v2\/types\/page"}],"author":[{"embeddable":true,"href":"https:\/\/concertrh.com\/index.php\/wp-json\/wp\/v2\/users\/1"}],"replies":[{"embeddable":true,"href":"https:\/\/concertrh.com\/index.php\/wp-json\/wp\/v2\/comments?post=1574"}],"version-history":[{"count":35,"href":"https:\/\/concertrh.com\/index.php\/wp-json\/wp\/v2\/pages\/1574\/revisions"}],"predecessor-version":[{"id":2664,"href":"https:\/\/concertrh.com\/index.php\/wp-json\/wp\/v2\/pages\/1574\/revisions\/2664"}],"up":[{"embeddable":true,"href":"https:\/\/concertrh.com\/index.php\/wp-json\/wp\/v2\/pages\/143"}],"wp:featuredmedia":[{"embeddable":true,"href":"https:\/\/concertrh.com\/index.php\/wp-json\/wp\/v2\/media\/2204"}],"wp:attachment":[{"href":"https:\/\/concertrh.com\/index.php\/wp-json\/wp\/v2\/media?parent=1574"}],"curies":[{"name":"wp","href":"https:\/\/api.w.org\/{rel}","templated":true}]}}