{"id":1667,"date":"2020-12-19T19:37:52","date_gmt":"2020-12-19T18:37:52","guid":{"rendered":"http:\/\/concertrh.com\/?page_id=1667"},"modified":"2022-09-16T19:03:05","modified_gmt":"2022-09-16T17:03:05","slug":"ameliorer-la-relation-client-dans-un-contexte-de-plan-de-licenciement-economique","status":"publish","type":"page","link":"https:\/\/concertrh.com\/index.php\/cas-dintervention\/ameliorer-la-relation-client-dans-un-contexte-de-plan-de-licenciement-economique\/","title":{"rendered":"Am\u00e9liorer la relation client dans le cadre d&rsquo;une restructuration"},"content":{"rendered":"\t\t<div data-elementor-type=\"wp-page\" data-elementor-id=\"1667\" class=\"elementor elementor-1667\">\n\t\t\t\t\t\t<div class=\"elementor-inner\">\n\t\t\t\t<div class=\"elementor-section-wrap\">\n\t\t\t\t\t\t\t\t\t<section class=\"elementor-section elementor-top-section elementor-element elementor-element-9423a71 elementor-section-boxed elementor-section-height-default elementor-section-height-default\" data-id=\"9423a71\" data-element_type=\"section\">\n\t\t\t\t\t\t<div class=\"elementor-container elementor-column-gap-default\">\n\t\t\t\t\t\t\t<div class=\"elementor-row\">\n\t\t\t\t\t<div class=\"elementor-column elementor-col-66 elementor-top-column elementor-element elementor-element-c2ff41d\" data-id=\"c2ff41d\" data-element_type=\"column\">\n\t\t\t<div class=\"elementor-column-wrap elementor-element-populated\">\n\t\t\t\t\t\t\t<div class=\"elementor-widget-wrap\">\n\t\t\t\t\t\t<div class=\"elementor-element elementor-element-3273f9f elementor-widget elementor-widget-text-editor\" data-id=\"3273f9f\" data-element_type=\"widget\" data-widget_type=\"text-editor.default\">\n\t\t\t\t<div class=\"elementor-widget-container\">\n\t\t\t\t\t\t\t\t<div class=\"elementor-text-editor elementor-clearfix\">\n\t\t\t\t<p><span style=\"color: #ff6600;\"><strong>ENJEUX<\/strong><\/span><br \/>\u2022 <strong>\u00e9tablir<\/strong> un diagnostic sur les sources principales de tensions v\u00e9cues<br \/>\u2022 <strong>proposer<\/strong> un plan de route op\u00e9rationnel au regard des enjeux strat\u00e9giques de la nouvelle organisation<br \/>\u2022 <strong>contribuer \u00e0 rassembler<\/strong> les \u00e9quipes autour de nouveaux objectifs<br \/>\u2022 <strong>rallier<\/strong> les membres de la direction et les repr\u00e9sentants du personnel<\/p><p><strong><span style=\"color: #ff6600;\">M\u00c9THODE<\/span><\/strong><br \/>\u2022 pr\u00e9-diagnostic aupr\u00e8s de membres de la direction et repr\u00e9sentants du personnel : comprendre la strat\u00e9gie de l\u2019\u00e9tablissement, son organisation, les enjeux inh\u00e9rents aux activit\u00e9s. Appr\u00e9hender les premi\u00e8res zones de risques<br \/>\u2022 diagnostic terrain aupr\u00e8s d\u2019une vingtaine de collaborateurs<\/p><p><strong><span style=\"color: #ff6600;\">OUTILS<\/span> <\/strong><br \/>Entretiens \u2013 Analyse documentaire &#8211; Visite des diff\u00e9rents sites<\/p><p><span style=\"color: #f85d41;\"><strong>LIVRABLES<\/strong><\/span><br \/>\u2022 note de synth\u00e8se remise aux membres de la direction afin d\u2019envisager les conditions d\u2019une restitution<br \/>\u2022 restitution aux repr\u00e9sentants du personnels puis restitution aupr\u00e8s des \u00e9quipes<\/p>\t\t\t\t\t<\/div>\n\t\t\t\t\t\t<\/div>\n\t\t\t\t<\/div>\n\t\t\t\t\t\t<\/div>\n\t\t\t\t\t<\/div>\n\t\t<\/div>\n\t\t\t\t<div class=\"elementor-column elementor-col-33 elementor-top-column elementor-element elementor-element-b8d6f62\" data-id=\"b8d6f62\" data-element_type=\"column\">\n\t\t\t<div class=\"elementor-column-wrap elementor-element-populated\">\n\t\t\t\t\t\t\t<div class=\"elementor-widget-wrap\">\n\t\t\t\t\t\t<div class=\"elementor-element elementor-element-119f74c elementor-widget elementor-widget-text-editor\" data-id=\"119f74c\" data-element_type=\"widget\" data-widget_type=\"text-editor.default\">\n\t\t\t\t<div class=\"elementor-widget-container\">\n\t\t\t\t\t\t\t\t<div class=\"elementor-text-editor elementor-clearfix\">\n\t\t\t\t<p><strong><span style=\"color: #ff6600;\">Recommandations<br \/><\/span><\/strong><strong>Cr\u00e9ation et accompagnement d\u2019un groupe de travail :<\/strong><br \/>\u2022 suivre et coordonner les actions dans le temps<br \/>\u2022 identifier les personnes en capacit\u00e9 de porter et d\u2019int\u00e9grer les recommandations<\/p><p><strong>Appui \u00e0 la d\u00e9finition et communication de la strat\u00e9gie commerciale op\u00e9rationnelle :<\/strong><br \/>\u2022 s\u00e9minaire, formalisation et communication du projet op\u00e9rationnel<\/p><p><strong>D\u00e9finition et validation des capacit\u00e9s manag\u00e9riales<\/strong><\/p><p><strong>Recentrage sur les fondamentaux de la relation client<\/strong><br \/>\u2022 r\u00e9union intra et inter service, afin de traiter des probl\u00e9matiques techniques, er les difficult\u00e9s individuelles ou collectives<\/p>\t\t\t\t\t<\/div>\n\t\t\t\t\t\t<\/div>\n\t\t\t\t<\/div>\n\t\t\t\t\t\t<\/div>\n\t\t\t\t\t<\/div>\n\t\t<\/div>\n\t\t\t\t\t\t\t\t<\/div>\n\t\t\t\t\t<\/div>\n\t\t<\/section>\n\t\t\t\t<section class=\"elementor-section elementor-top-section elementor-element elementor-element-f5bcb99 elementor-section-boxed elementor-section-height-default elementor-section-height-default\" data-id=\"f5bcb99\" data-element_type=\"section\">\n\t\t\t\t\t\t<div class=\"elementor-container elementor-column-gap-default\">\n\t\t\t\t\t\t\t<div class=\"elementor-row\">\n\t\t\t\t\t<div class=\"elementor-column elementor-col-66 elementor-top-column elementor-element elementor-element-6a1d9c1\" data-id=\"6a1d9c1\" data-element_type=\"column\">\n\t\t\t<div class=\"elementor-column-wrap elementor-element-populated\">\n\t\t\t\t\t\t\t<div class=\"elementor-widget-wrap\">\n\t\t\t\t\t\t<div class=\"elementor-element elementor-element-d655cb9 elementor-widget elementor-widget-text-editor\" data-id=\"d655cb9\" data-element_type=\"widget\" data-widget_type=\"text-editor.default\">\n\t\t\t\t<div class=\"elementor-widget-container\">\n\t\t\t\t\t\t\t\t<div class=\"elementor-text-editor elementor-clearfix\">\n\t\t\t\t<p><span style=\"color: #ff6600;\"><strong>RESULTATS<\/strong><\/span><br \/>\u2022 <strong>diminution<\/strong> des plaintes li\u00e9es \u00e0 des situations de mal-\u00eatre, de surcharge de travail<br \/>\u2022 <strong>clarification<\/strong> des attentes et r\u00f4les des managers afin qu\u2019ils puissent occuper pleinement leurs fonctions<br \/>\u2022 <strong>diminution<\/strong> des r\u00e9clamations clients, signe d\u2019une nouvelle organisation plus efficace<\/p>\t\t\t\t\t<\/div>\n\t\t\t\t\t\t<\/div>\n\t\t\t\t<\/div>\n\t\t\t\t\t\t<\/div>\n\t\t\t\t\t<\/div>\n\t\t<\/div>\n\t\t\t\t<div class=\"elementor-column elementor-col-33 elementor-top-column elementor-element elementor-element-4e49c3e\" data-id=\"4e49c3e\" data-element_type=\"column\">\n\t\t\t<div class=\"elementor-column-wrap elementor-element-populated\">\n\t\t\t\t\t\t\t<div class=\"elementor-widget-wrap\">\n\t\t\t\t\t\t<div class=\"elementor-element elementor-element-14682e5 elementor-widget elementor-widget-image\" data-id=\"14682e5\" data-element_type=\"widget\" data-widget_type=\"image.default\">\n\t\t\t\t<div class=\"elementor-widget-container\">\n\t\t\t\t\t\t\t\t<div class=\"elementor-image\">\n\t\t\t\t\t\t\t\t\t\t\t\t<img width=\"1024\" height=\"880\" src=\"https:\/\/concertrh.com\/wp-content\/uploads\/2021\/01\/ConcertRH_carre3-1024x880.jpg\" class=\"attachment-large size-large\" alt=\"\" loading=\"lazy\" srcset=\"https:\/\/concertrh.com\/wp-content\/uploads\/2021\/01\/ConcertRH_carre3-1024x880.jpg 1024w, https:\/\/concertrh.com\/wp-content\/uploads\/2021\/01\/ConcertRH_carre3-300x258.jpg 300w, https:\/\/concertrh.com\/wp-content\/uploads\/2021\/01\/ConcertRH_carre3-768x660.jpg 768w, https:\/\/concertrh.com\/wp-content\/uploads\/2021\/01\/ConcertRH_carre3-1536x1320.jpg 1536w, https:\/\/concertrh.com\/wp-content\/uploads\/2021\/01\/ConcertRH_carre3.jpg 1792w\" sizes=\"(max-width: 1024px) 100vw, 1024px\" \/>\t\t\t\t\t\t\t\t\t\t\t\t\t\t<\/div>\n\t\t\t\t\t\t<\/div>\n\t\t\t\t<\/div>\n\t\t\t\t\t\t<\/div>\n\t\t\t\t\t<\/div>\n\t\t<\/div>\n\t\t\t\t\t\t\t\t<\/div>\n\t\t\t\t\t<\/div>\n\t\t<\/section>\n\t\t\t\t<section class=\"elementor-section elementor-top-section elementor-element elementor-element-3d3d5db elementor-section-boxed elementor-section-height-default elementor-section-height-default\" data-id=\"3d3d5db\" data-element_type=\"section\">\n\t\t\t\t\t\t<div class=\"elementor-container elementor-column-gap-default\">\n\t\t\t\t\t\t\t<div class=\"elementor-row\">\n\t\t\t\t\t<div class=\"elementor-column elementor-col-100 elementor-top-column elementor-element elementor-element-e80ef6c\" data-id=\"e80ef6c\" data-element_type=\"column\">\n\t\t\t<div class=\"elementor-column-wrap elementor-element-populated\">\n\t\t\t\t\t\t\t<div class=\"elementor-widget-wrap\">\n\t\t\t\t\t\t<div class=\"elementor-element elementor-element-27dbbf7 elementor-widget elementor-widget-spacer\" data-id=\"27dbbf7\" data-element_type=\"widget\" data-widget_type=\"spacer.default\">\n\t\t\t\t<div class=\"elementor-widget-container\">\n\t\t\t\t\t<div class=\"elementor-spacer\">\n\t\t\t<div class=\"elementor-spacer-inner\"><\/div>\n\t\t<\/div>\n\t\t\t\t<\/div>\n\t\t\t\t<\/div>\n\t\t\t\t\t\t<\/div>\n\t\t\t\t\t<\/div>\n\t\t<\/div>\n\t\t\t\t\t\t\t\t<\/div>\n\t\t\t\t\t<\/div>\n\t\t<\/section>\n\t\t\t\t<section class=\"elementor-section elementor-top-section elementor-element elementor-element-a2f7a59 elementor-section-boxed elementor-section-height-default elementor-section-height-default\" data-id=\"a2f7a59\" data-element_type=\"section\">\n\t\t\t\t\t\t<div class=\"elementor-container elementor-column-gap-default\">\n\t\t\t\t\t\t\t<div class=\"elementor-row\">\n\t\t\t\t\t<div class=\"elementor-column elementor-col-100 elementor-top-column elementor-element elementor-element-1c98d2f\" data-id=\"1c98d2f\" data-element_type=\"column\">\n\t\t\t<div class=\"elementor-column-wrap elementor-element-populated\">\n\t\t\t\t\t\t\t<div class=\"elementor-widget-wrap\">\n\t\t\t\t\t\t<div class=\"elementor-element elementor-element-3c66543 elementor-widget elementor-widget-text-editor\" data-id=\"3c66543\" data-element_type=\"widget\" data-widget_type=\"text-editor.default\">\n\t\t\t\t<div class=\"elementor-widget-container\">\n\t\t\t\t\t\t\t\t<div class=\"elementor-text-editor elementor-clearfix\">\n\t\t\t\t<p style=\"text-align: center;\"><strong><a href=\"http:\/\/concertrh.com\/index.php\/cas-dintervention\/\"><em><span><span style=\"color: #2b67c5;\">&lt; Retour aux cas d&rsquo;intervention &gt;<\/span><\/span><\/em><\/a><\/strong><\/p>\t\t\t\t\t<\/div>\n\t\t\t\t\t\t<\/div>\n\t\t\t\t<\/div>\n\t\t\t\t\t\t<\/div>\n\t\t\t\t\t<\/div>\n\t\t<\/div>\n\t\t\t\t\t\t\t\t<\/div>\n\t\t\t\t\t<\/div>\n\t\t<\/section>\n\t\t\t\t\t\t\t\t\t<\/div>\n\t\t\t<\/div>\n\t\t\t\t\t<\/div>\n\t\t","protected":false},"excerpt":{"rendered":"<p>ENJEUX \u2022 \u00e9tablir un diagnostic sur les sources principales de tensions v\u00e9cues \u2022 proposer un plan de route op\u00e9rationnel au regard des enjeux strat\u00e9giques de la nouvelle organisation \u2022 contribuer \u00e0 rassembler les \u00e9quipes autour de nouveaux objectifs \u2022 rallier les membres de la direction et les repr\u00e9sentants du personnel M\u00c9THODE \u2022 pr\u00e9-diagnostic aupr\u00e8s de [&hellip;]<\/p>\n","protected":false},"author":1,"featured_media":2772,"parent":169,"menu_order":2,"comment_status":"closed","ping_status":"closed","template":"","meta":[],"_links":{"self":[{"href":"https:\/\/concertrh.com\/index.php\/wp-json\/wp\/v2\/pages\/1667"}],"collection":[{"href":"https:\/\/concertrh.com\/index.php\/wp-json\/wp\/v2\/pages"}],"about":[{"href":"https:\/\/concertrh.com\/index.php\/wp-json\/wp\/v2\/types\/page"}],"author":[{"embeddable":true,"href":"https:\/\/concertrh.com\/index.php\/wp-json\/wp\/v2\/users\/1"}],"replies":[{"embeddable":true,"href":"https:\/\/concertrh.com\/index.php\/wp-json\/wp\/v2\/comments?post=1667"}],"version-history":[{"count":30,"href":"https:\/\/concertrh.com\/index.php\/wp-json\/wp\/v2\/pages\/1667\/revisions"}],"predecessor-version":[{"id":2828,"href":"https:\/\/concertrh.com\/index.php\/wp-json\/wp\/v2\/pages\/1667\/revisions\/2828"}],"up":[{"embeddable":true,"href":"https:\/\/concertrh.com\/index.php\/wp-json\/wp\/v2\/pages\/169"}],"wp:featuredmedia":[{"embeddable":true,"href":"https:\/\/concertrh.com\/index.php\/wp-json\/wp\/v2\/media\/2772"}],"wp:attachment":[{"href":"https:\/\/concertrh.com\/index.php\/wp-json\/wp\/v2\/media?parent=1667"}],"curies":[{"name":"wp","href":"https:\/\/api.w.org\/{rel}","templated":true}]}}