{"id":1737,"date":"2020-12-29T11:29:24","date_gmt":"2020-12-29T10:29:24","guid":{"rendered":"http:\/\/concertrh.com\/?page_id=1737"},"modified":"2021-01-04T16:37:04","modified_gmt":"2021-01-04T15:37:04","slug":"mentions-legales","status":"publish","type":"page","link":"https:\/\/concertrh.com\/index.php\/mentions-legales\/","title":{"rendered":"Mentions l\u00e9gales"},"content":{"rendered":"\t\t<div data-elementor-type=\"wp-page\" data-elementor-id=\"1737\" class=\"elementor elementor-1737\">\n\t\t\t\t\t\t<div class=\"elementor-inner\">\n\t\t\t\t<div class=\"elementor-section-wrap\">\n\t\t\t\t\t\t\t\t\t<section class=\"elementor-section elementor-top-section elementor-element elementor-element-9ec08e7 elementor-section-boxed elementor-section-height-default elementor-section-height-default\" data-id=\"9ec08e7\" data-element_type=\"section\">\n\t\t\t\t\t\t<div class=\"elementor-container elementor-column-gap-default\">\n\t\t\t\t\t\t\t<div class=\"elementor-row\">\n\t\t\t\t\t<div class=\"elementor-column elementor-col-100 elementor-top-column elementor-element elementor-element-a71b71e\" data-id=\"a71b71e\" data-element_type=\"column\">\n\t\t\t<div class=\"elementor-column-wrap elementor-element-populated\">\n\t\t\t\t\t\t\t<div class=\"elementor-widget-wrap\">\n\t\t\t\t\t\t<div class=\"elementor-element elementor-element-fd0eac2 elementor-widget elementor-widget-text-editor\" data-id=\"fd0eac2\" data-element_type=\"widget\" data-widget_type=\"text-editor.default\">\n\t\t\t\t<div class=\"elementor-widget-container\">\n\t\t\t\t\t\t\t\t<div class=\"elementor-text-editor elementor-clearfix\">\n\t\t\t\t<div><div data-elementor-type=\"wp-page\" data-elementor-id=\"203\" data-elementor-settings=\"[]\"><div><div><section data-id=\"a052d43\" data-element_type=\"section\"><div><div><div data-id=\"f3aa72e\" data-element_type=\"column\"><div><div><div data-id=\"58ea2cd\" data-element_type=\"widget\" data-widget_type=\"text-editor.default\"><div><div><p><strong>Pr\u00e9sentation g\u00e9n\u00e9rale<\/strong><\/p><p>Vous \u00eates actuellement connect\u00e9 au site, propri\u00e9t\u00e9 d&rsquo;Elisabeth Grosse.<br \/>D\u00e9nomination sociale : Elisabeth Grosse &#8211; Concert&rsquo;RH<br \/>SIRET : <br \/>Si\u00e8ge social : Concert&rsquo;RH &#8211; 61 rue de Malte &#8211; 75011 Paris<br \/>T\u00e9l\u00e9phone : 06 14 82 61 78<\/p><p>Directrice de la publication : Elisabteh Grosse<\/p><p>L\u2019\u00e9diteur s\u2019engage \u00e0 respecter l\u2019ensemble des dispositions l\u00e9gislatives et r\u00e9glementaires r\u00e9gissant la mise en place et l\u2019exploitation d\u2019un site Internet. Pour toutes remarques sur le fonctionnement du site, veuillez contacter le webmaster : contact@nuancesetcaracteres.com<\/p><p><strong>H\u00e9bergement<\/strong><\/p><p>Le site est h\u00e9berg\u00e9 par la soci\u00e9t\u00e9 OVH.<br \/>D\u00e9nomination sociale :\u00a0OVH<br \/>SAS\u00a0au capital de 500 K\u20ac<br \/>RCS\u00a0Roubaix \u2013 Tourcoing 424 761 419 00011<br \/>Code APE\u00a06202A<br \/>N\u00b0 TVA :\u00a0FR 22 424 761 419<br \/>Si\u00e8ge social :\u00a02 rue Kellermann \u2013 59100 Roubaix \u2013 France<br \/>www.ovh.com<\/p><p><strong>R\u00e9alisation<\/strong><\/p><p>Le site <a href=\"http:\/\/concertrh.com\/\">concertrh.com<\/a> a \u00e9t\u00e9 r\u00e9alis\u00e9 par <a href=\"https:\/\/nuancesetcaracteres.com\/\" target=\"_blank\" rel=\"noopener\">Nuances&amp;Caract\u00e8res<\/a>.<br \/>Les photos de ce site ont \u00e9t\u00e9 achet\u00e9es chez <a href=\"https:\/\/stock.adobe.com\/fr\/\" target=\"_blank\" rel=\"noopener\">Adobe Stock<\/a>. <\/p><p><strong>Dispositions g\u00e9n\u00e9rales<\/strong><\/p><p>L\u2019utilisateur du site reconna\u00eet disposer de la comp\u00e9tence et des moyens n\u00e9cessaires pour acc\u00e9der \u00e0 ce site et l\u2019utiliser. Il reconna\u00eet \u00e9galement avoir pris connaissance de la pr\u00e9sente notice l\u00e9gale et s\u2019engage \u00e0 la respecter.<\/p><p><strong>Informations techniques<\/strong><\/p><p>Il est rappel\u00e9 que le secret des correspondances n\u2019est pas garanti sur le r\u00e9seau Internet et qu\u2019il appartient \u00e0 chaque utilisateur d\u2019Internet de prendre toutes les mesures appropri\u00e9es de fa\u00e7on \u00e0 prot\u00e9ger ses propres donn\u00e9es et\/ou logiciels de la contamination par d\u2019\u00e9ventuels virus circulant sur Internet.<\/p><p><strong>Exon\u00e9ration de la responsabilit\u00e9 du contenu des sites r\u00e9f\u00e9renc\u00e9s<\/strong><\/p><p>Les liens hypertextes mis en place dans le cadre du pr\u00e9sent site Internet en direction d\u2019autres ressources pr\u00e9sentes sur le r\u00e9seau Internet ne sont propos\u00e9s que pour des raisons de commodit\u00e9 et ni leur contenu ou les liens qu\u2019ils contiennent, ni les changements ou mises \u00e0 jour qui leur sont apport\u00e9s ne sauraient engager la responsabilit\u00e9 du site <a href=\"http:\/\/concertrh.com\/\">concertrh.com<\/a><\/p><p><strong>Exon\u00e9ration de la responsabilit\u00e9 technique<\/strong><\/p><p>La soci\u00e9t\u00e9 Concert&rsquo;RH d\u00e9cline toute responsabilit\u00e9 en cas de difficult\u00e9 d\u2019acc\u00e8s \u00e0 son site ou d\u2019interruptions dans la connexion quelles qu\u2019en soient les causes. De plus, il ne saurait \u00eatre tenu responsable d\u2019un dommage ou virus qui pourrait infecter votre ordinateur ou tout mat\u00e9riel informatique, suite \u00e0 une utilisation ou acc\u00e8s au site ou t\u00e9l\u00e9chargement provenant de ce site.<\/p><p><strong>Propri\u00e9t\u00e9 intellectuelle et droit de reproduction<\/strong><\/p><p>L\u2019ensemble de ce site rel\u00e8ve de la l\u00e9gislation fran\u00e7aise et internationale sur le droit d\u2019auteur et la propri\u00e9t\u00e9 intellectuelle. Tous les droits de reproduction sont r\u00e9serv\u00e9s, y compris pour les documents t\u00e9l\u00e9chargeables et les repr\u00e9sentations iconographiques et photographiques.<\/p><p>Toute repr\u00e9sentation et\/ou reproduction et\/ou exploitation partielle ou totale de ce site, par quelques proc\u00e9d\u00e9s que se soient, sans l\u2019autorisation expresse d&rsquo;Elisabeth Grosse est interdite et constituerait une contrefa\u00e7on au sens des articles L 335-2 et suivants du code de la propri\u00e9t\u00e9 intellectuelle.<\/p><p>Les liens hypertextes mis en \u0153uvre au sein du site en direction d\u2019autres sites et\/ou de pages personnelles et d\u2019une mani\u00e8re g\u00e9n\u00e9rale vers toutes ressources existantes sur internet ne sauraient engager la responsabilit\u00e9 d&rsquo;Elisabeth Grosse. La capture d\u2019informations nominatives pour enrichir des bases de donn\u00e9es, par exemple \u00e0 des fins commerciales ou publicitaires, est interdite.<\/p><p><strong>Messagerie et envoi de courriels<\/strong><\/p><p>Les messages que vous faites parvenir par l\u2019interm\u00e9diaire de l\u2019Internet peuvent \u00eatre intercept\u00e9s sur le r\u00e9seau. Leur confidentialit\u00e9 ne peut pas \u00eatre int\u00e9gralement garantie. Aussi, prenez garde \u00e0 ne pas divulguer inutilement des informations personnelles ou sensibles dans vos courriels.<\/p><p><strong>Liens vers <a href=\"http:\/\/concertrh.com\/\">concertrh.com<\/a><\/strong><\/p><p>Vous avez la facult\u00e9, sans autorisation pr\u00e9alable, de faire, depuis un autre site, un lien vers <a href=\"http:\/\/concertrh.com\/\">concertrh.com<\/a>. Toutefois, nous r\u00e9cusons l\u2019utilisation de \u00ab frames \u00bb qui laissent supposer aux internautes qu\u2019ils consultent un autre site que <a href=\"http:\/\/concertrh.com\/\">concertrh.com<\/a><\/p><p>Copyright : 2021 \u00a9 Elisabeth Grosse<\/p><\/div><\/div><\/div><\/div><\/div><\/div><\/div><\/div><\/section><\/div><\/div><\/div><\/div>\t\t\t\t\t<\/div>\n\t\t\t\t\t\t<\/div>\n\t\t\t\t<\/div>\n\t\t\t\t\t\t<\/div>\n\t\t\t\t\t<\/div>\n\t\t<\/div>\n\t\t\t\t\t\t\t\t<\/div>\n\t\t\t\t\t<\/div>\n\t\t<\/section>\n\t\t\t\t\t\t\t\t\t<\/div>\n\t\t\t<\/div>\n\t\t\t\t\t<\/div>\n\t\t","protected":false},"excerpt":{"rendered":"<p>Pr\u00e9sentation g\u00e9n\u00e9rale Vous \u00eates actuellement connect\u00e9 au site, propri\u00e9t\u00e9 d&rsquo;Elisabeth Grosse.D\u00e9nomination sociale : Elisabeth Grosse &#8211; Concert&rsquo;RHSIRET : Si\u00e8ge social : Concert&rsquo;RH &#8211; 61 rue de Malte &#8211; 75011 ParisT\u00e9l\u00e9phone : 06 14 82 61 78 Directrice de la publication : Elisabteh Grosse L\u2019\u00e9diteur s\u2019engage \u00e0 respecter l\u2019ensemble des dispositions l\u00e9gislatives et r\u00e9glementaires r\u00e9gissant la [&hellip;]<\/p>\n","protected":false},"author":1,"featured_media":0,"parent":0,"menu_order":0,"comment_status":"closed","ping_status":"closed","template":"","meta":[],"_links":{"self":[{"href":"https:\/\/concertrh.com\/index.php\/wp-json\/wp\/v2\/pages\/1737"}],"collection":[{"href":"https:\/\/concertrh.com\/index.php\/wp-json\/wp\/v2\/pages"}],"about":[{"href":"https:\/\/concertrh.com\/index.php\/wp-json\/wp\/v2\/types\/page"}],"author":[{"embeddable":true,"href":"https:\/\/concertrh.com\/index.php\/wp-json\/wp\/v2\/users\/1"}],"replies":[{"embeddable":true,"href":"https:\/\/concertrh.com\/index.php\/wp-json\/wp\/v2\/comments?post=1737"}],"version-history":[{"count":10,"href":"https:\/\/concertrh.com\/index.php\/wp-json\/wp\/v2\/pages\/1737\/revisions"}],"predecessor-version":[{"id":1831,"href":"https:\/\/concertrh.com\/index.php\/wp-json\/wp\/v2\/pages\/1737\/revisions\/1831"}],"wp:attachment":[{"href":"https:\/\/concertrh.com\/index.php\/wp-json\/wp\/v2\/media?parent=1737"}],"curies":[{"name":"wp","href":"https:\/\/api.w.org\/{rel}","templated":true}]}}