{"id":214,"date":"2019-03-22T18:51:24","date_gmt":"2019-03-22T17:51:24","guid":{"rendered":"http:\/\/concertrh.com\/?page_id=214"},"modified":"2023-09-19T09:15:52","modified_gmt":"2023-09-19T07:15:52","slug":"a-propos-de-nous-2","status":"publish","type":"page","link":"https:\/\/concertrh.com\/index.php\/a-propos-de-nous-2\/","title":{"rendered":"l&rsquo;\u00c9quipe"},"content":{"rendered":"\t\t<div data-elementor-type=\"wp-page\" data-elementor-id=\"214\" class=\"elementor elementor-214\">\n\t\t\t\t\t\t<div class=\"elementor-inner\">\n\t\t\t\t<div class=\"elementor-section-wrap\">\n\t\t\t\t\t\t\t\t\t<section class=\"elementor-section elementor-top-section elementor-element elementor-element-fc8a655 elementor-section-boxed elementor-section-height-default elementor-section-height-default\" data-id=\"fc8a655\" data-element_type=\"section\">\n\t\t\t\t\t\t<div class=\"elementor-container elementor-column-gap-default\">\n\t\t\t\t\t\t\t<div class=\"elementor-row\">\n\t\t\t\t\t<div class=\"elementor-column elementor-col-100 elementor-top-column elementor-element elementor-element-5c6bf5b\" data-id=\"5c6bf5b\" data-element_type=\"column\">\n\t\t\t<div class=\"elementor-column-wrap elementor-element-populated\">\n\t\t\t\t\t\t\t<div class=\"elementor-widget-wrap\">\n\t\t\t\t\t\t<div class=\"elementor-element elementor-element-b56ac62 elementor-widget elementor-widget-image\" data-id=\"b56ac62\" data-element_type=\"widget\" data-widget_type=\"image.default\">\n\t\t\t\t<div class=\"elementor-widget-container\">\n\t\t\t\t\t\t\t\t<div class=\"elementor-image\">\n\t\t\t\t\t\t\t\t\t\t\t\t<img width=\"253\" height=\"300\" src=\"https:\/\/concertrh.com\/wp-content\/uploads\/2022\/09\/1-Elisabeth-Grosse-Photo-2022-253x300.jpg\" class=\"attachment-medium size-medium\" alt=\"\" loading=\"lazy\" srcset=\"https:\/\/concertrh.com\/wp-content\/uploads\/2022\/09\/1-Elisabeth-Grosse-Photo-2022-253x300.jpg 253w, https:\/\/concertrh.com\/wp-content\/uploads\/2022\/09\/1-Elisabeth-Grosse-Photo-2022-864x1024.jpg 864w, https:\/\/concertrh.com\/wp-content\/uploads\/2022\/09\/1-Elisabeth-Grosse-Photo-2022-768x910.jpg 768w, https:\/\/concertrh.com\/wp-content\/uploads\/2022\/09\/1-Elisabeth-Grosse-Photo-2022.jpg 1195w\" sizes=\"(max-width: 253px) 100vw, 253px\" \/>\t\t\t\t\t\t\t\t\t\t\t\t\t\t<\/div>\n\t\t\t\t\t\t<\/div>\n\t\t\t\t<\/div>\n\t\t\t\t<div class=\"elementor-element elementor-element-111b4dd elementor-widget elementor-widget-heading\" data-id=\"111b4dd\" data-element_type=\"widget\" data-widget_type=\"heading.default\">\n\t\t\t\t<div class=\"elementor-widget-container\">\n\t\t\t<h2 class=\"elementor-heading-title elementor-size-medium\">Fondatrice Concert'RH<\/h2>\t\t<\/div>\n\t\t\t\t<\/div>\n\t\t\t\t<div class=\"elementor-element elementor-element-057b18b elementor-widget elementor-widget-text-editor\" data-id=\"057b18b\" data-element_type=\"widget\" data-widget_type=\"text-editor.default\">\n\t\t\t\t<div class=\"elementor-widget-container\">\n\t\t\t\t\t\t\t\t<div class=\"elementor-text-editor elementor-clearfix\">\n\t\t\t\t<p style=\"text-align: center;\"><span style=\"font-weight: bold;\">\u00c9lisabeth Grosse<\/span><\/p><p>Psychosociologue, Consultante en organisation du travail, Intervenante en Pr\u00e9vention des Risques Professionnels &#8211; IPRP<\/p><div><a href=\"http:\/\/concertrh.com\/index.php\/a-propos-de-nous-2\/elisabeth-grosse-consultante\/\"><span style=\"color: #3366ff;\">En savoir plus<\/span><\/a><\/div>\t\t\t\t\t<\/div>\n\t\t\t\t\t\t<\/div>\n\t\t\t\t<\/div>\n\t\t\t\t\t\t<\/div>\n\t\t\t\t\t<\/div>\n\t\t<\/div>\n\t\t\t\t\t\t\t\t<\/div>\n\t\t\t\t\t<\/div>\n\t\t<\/section>\n\t\t\t\t<section class=\"elementor-section elementor-top-section elementor-element elementor-element-a5e23c2 elementor-section-boxed elementor-section-height-default elementor-section-height-default\" data-id=\"a5e23c2\" data-element_type=\"section\">\n\t\t\t\t\t\t<div class=\"elementor-container elementor-column-gap-default\">\n\t\t\t\t\t\t\t<div class=\"elementor-row\">\n\t\t\t\t\t<div class=\"elementor-column elementor-col-100 elementor-top-column elementor-element elementor-element-cc0fb89\" data-id=\"cc0fb89\" data-element_type=\"column\">\n\t\t\t<div class=\"elementor-column-wrap elementor-element-populated\">\n\t\t\t\t\t\t\t<div class=\"elementor-widget-wrap\">\n\t\t\t\t\t\t<div class=\"elementor-element elementor-element-8a87cdc elementor-widget elementor-widget-heading\" data-id=\"8a87cdc\" data-element_type=\"widget\" data-widget_type=\"heading.default\">\n\t\t\t\t<div class=\"elementor-widget-container\">\n\t\t\t<h2 class=\"elementor-heading-title elementor-size-default\"><b>L'\u00e9quipe<\/b><\/h2>\t\t<\/div>\n\t\t\t\t<\/div>\n\t\t\t\t\t\t<\/div>\n\t\t\t\t\t<\/div>\n\t\t<\/div>\n\t\t\t\t\t\t\t\t<\/div>\n\t\t\t\t\t<\/div>\n\t\t<\/section>\n\t\t\t\t<section class=\"elementor-section elementor-top-section elementor-element elementor-element-bc98ddc elementor-section-boxed elementor-section-height-default elementor-section-height-default\" data-id=\"bc98ddc\" data-element_type=\"section\">\n\t\t\t\t\t\t<div class=\"elementor-container elementor-column-gap-default\">\n\t\t\t\t\t\t\t<div class=\"elementor-row\">\n\t\t\t\t\t<div class=\"elementor-column elementor-col-33 elementor-top-column elementor-element elementor-element-d89bb33\" data-id=\"d89bb33\" data-element_type=\"column\">\n\t\t\t<div class=\"elementor-column-wrap elementor-element-populated\">\n\t\t\t\t\t\t\t<div class=\"elementor-widget-wrap\">\n\t\t\t\t\t\t<div class=\"elementor-element elementor-element-0963acb elementor-widget elementor-widget-image\" data-id=\"0963acb\" data-element_type=\"widget\" data-widget_type=\"image.default\">\n\t\t\t\t<div class=\"elementor-widget-container\">\n\t\t\t\t\t\t\t\t<div class=\"elementor-image\">\n\t\t\t\t\t\t\t\t\t\t\t\t<img width=\"200\" height=\"300\" src=\"https:\/\/concertrh.com\/wp-content\/uploads\/2022\/09\/3-Geraldine-Beranger-par-Franck-Vogel-corrige-3-2022-Recupere--200x300.jpg\" class=\"attachment-medium size-medium\" alt=\"\" loading=\"lazy\" srcset=\"https:\/\/concertrh.com\/wp-content\/uploads\/2022\/09\/3-Geraldine-Beranger-par-Franck-Vogel-corrige-3-2022-Recupere--200x300.jpg 200w, https:\/\/concertrh.com\/wp-content\/uploads\/2022\/09\/3-Geraldine-Beranger-par-Franck-Vogel-corrige-3-2022-Recupere--682x1024.jpg 682w, https:\/\/concertrh.com\/wp-content\/uploads\/2022\/09\/3-Geraldine-Beranger-par-Franck-Vogel-corrige-3-2022-Recupere--768x1152.jpg 768w, https:\/\/concertrh.com\/wp-content\/uploads\/2022\/09\/3-Geraldine-Beranger-par-Franck-Vogel-corrige-3-2022-Recupere-.jpg 933w\" sizes=\"(max-width: 200px) 100vw, 200px\" \/>\t\t\t\t\t\t\t\t\t\t\t\t\t\t<\/div>\n\t\t\t\t\t\t<\/div>\n\t\t\t\t<\/div>\n\t\t\t\t<div class=\"elementor-element elementor-element-3b8b764 elementor-widget elementor-widget-text-editor\" data-id=\"3b8b764\" data-element_type=\"widget\" data-widget_type=\"text-editor.default\">\n\t\t\t\t<div class=\"elementor-widget-container\">\n\t\t\t\t\t\t\t\t<div class=\"elementor-text-editor elementor-clearfix\">\n\t\t\t\t<p style=\"text-align: center;\"><strong>G\u00e9raldine Beranger<\/strong><\/p><p>Psychologue clinicienne, consultante en pr\u00e9vention des RPS, prise en charge des situations de souffrance au travail<\/p><div><a href=\"http:\/\/concertrh.com\/index.php\/a-propos-de-nous-2\/geraldine-beranger-consultante\/\"><span style=\"color: #3366ff;\">En savoir plus<\/span><\/a><\/div>\t\t\t\t\t<\/div>\n\t\t\t\t\t\t<\/div>\n\t\t\t\t<\/div>\n\t\t\t\t\t\t<\/div>\n\t\t\t\t\t<\/div>\n\t\t<\/div>\n\t\t\t\t<div class=\"elementor-column elementor-col-33 elementor-top-column elementor-element elementor-element-f5a2bcc\" data-id=\"f5a2bcc\" data-element_type=\"column\">\n\t\t\t<div class=\"elementor-column-wrap elementor-element-populated\">\n\t\t\t\t\t\t\t<div class=\"elementor-widget-wrap\">\n\t\t\t\t\t\t<div class=\"elementor-element elementor-element-4a4c013 elementor-widget elementor-widget-image\" data-id=\"4a4c013\" data-element_type=\"widget\" data-widget_type=\"image.default\">\n\t\t\t\t<div class=\"elementor-widget-container\">\n\t\t\t\t\t\t\t\t<div class=\"elementor-image\">\n\t\t\t\t\t\t\t\t\t\t\t\t<img width=\"236\" height=\"300\" src=\"https:\/\/concertrh.com\/wp-content\/uploads\/2022\/09\/2-Christophe-Rogier-2022-Recupere-e1663144822498-236x300.jpg\" class=\"attachment-medium size-medium\" alt=\"\" loading=\"lazy\" srcset=\"https:\/\/concertrh.com\/wp-content\/uploads\/2022\/09\/2-Christophe-Rogier-2022-Recupere-e1663144822498-236x300.jpg 236w, https:\/\/concertrh.com\/wp-content\/uploads\/2022\/09\/2-Christophe-Rogier-2022-Recupere-e1663144822498.jpg 667w\" sizes=\"(max-width: 236px) 100vw, 236px\" \/>\t\t\t\t\t\t\t\t\t\t\t\t\t\t<\/div>\n\t\t\t\t\t\t<\/div>\n\t\t\t\t<\/div>\n\t\t\t\t<div class=\"elementor-element elementor-element-4ca00a4 elementor-widget elementor-widget-text-editor\" data-id=\"4ca00a4\" data-element_type=\"widget\" data-widget_type=\"text-editor.default\">\n\t\t\t\t<div class=\"elementor-widget-container\">\n\t\t\t\t\t\t\t\t<div class=\"elementor-text-editor elementor-clearfix\">\n\t\t\t\t<p style=\"text-align: center;\"><strong>Christophe Rogier<\/strong><\/p><p>M\u00e9decin, Pr\u00e9vention des risques professionnels et infectieux, Direction d\u2019entreprise, Haute administration, Strat\u00e9gie en sant\u00e9<\/p><div><a href=\"http:\/\/concertrh.com\/index.php\/a-propos-de-nous-2\/christophe-rogier-medecin\/\"><span style=\"color: #3366ff;\">En savoir plus<\/span><\/a><\/div>\t\t\t\t\t<\/div>\n\t\t\t\t\t\t<\/div>\n\t\t\t\t<\/div>\n\t\t\t\t\t\t<\/div>\n\t\t\t\t\t<\/div>\n\t\t<\/div>\n\t\t\t\t<div class=\"elementor-column elementor-col-33 elementor-top-column elementor-element elementor-element-c1eba53\" data-id=\"c1eba53\" data-element_type=\"column\">\n\t\t\t<div class=\"elementor-column-wrap elementor-element-populated\">\n\t\t\t\t\t\t\t<div class=\"elementor-widget-wrap\">\n\t\t\t\t\t\t<div class=\"elementor-element elementor-element-1d58f23 elementor-widget elementor-widget-image\" data-id=\"1d58f23\" data-element_type=\"widget\" data-widget_type=\"image.default\">\n\t\t\t\t<div class=\"elementor-widget-container\">\n\t\t\t\t\t\t\t\t<div class=\"elementor-image\">\n\t\t\t\t\t\t\t\t\t\t\t\t<img width=\"288\" height=\"300\" src=\"https:\/\/concertrh.com\/wp-content\/uploads\/2023\/08\/Marie-4-bis-copie-288x300.png\" class=\"attachment-medium size-medium\" alt=\"\" loading=\"lazy\" srcset=\"https:\/\/concertrh.com\/wp-content\/uploads\/2023\/08\/Marie-4-bis-copie-288x300.png 288w, https:\/\/concertrh.com\/wp-content\/uploads\/2023\/08\/Marie-4-bis-copie.png 306w\" sizes=\"(max-width: 288px) 100vw, 288px\" \/>\t\t\t\t\t\t\t\t\t\t\t\t\t\t<\/div>\n\t\t\t\t\t\t<\/div>\n\t\t\t\t<\/div>\n\t\t\t\t<div class=\"elementor-element elementor-element-47df71b elementor-widget elementor-widget-text-editor\" data-id=\"47df71b\" data-element_type=\"widget\" data-widget_type=\"text-editor.default\">\n\t\t\t\t<div class=\"elementor-widget-container\">\n\t\t\t\t\t\t\t\t<div class=\"elementor-text-editor elementor-clearfix\">\n\t\t\t\t<p style=\"text-align: center;\"><strong>Marie Paitier<\/strong><\/p><p>Consultante en Ressources Humaines, Qualit\u00e9 de Vie et des Conditions de Travail, Transformation RH, co-d\u00e9veloppement<\/p><p><a href=\"http:\/\/concertrh.com\/index.php\/a-propos-de-nous-2\/marie-paitier-conseil-en-ressources-humaines\/\"><span style=\"color: #3366ff;\">En savoir plus<\/span><\/a><\/p>\t\t\t\t\t<\/div>\n\t\t\t\t\t\t<\/div>\n\t\t\t\t<\/div>\n\t\t\t\t\t\t<\/div>\n\t\t\t\t\t<\/div>\n\t\t<\/div>\n\t\t\t\t\t\t\t\t<\/div>\n\t\t\t\t\t<\/div>\n\t\t<\/section>\n\t\t\t\t\t\t\t\t\t<\/div>\n\t\t\t<\/div>\n\t\t\t\t\t<\/div>\n\t\t","protected":false},"excerpt":{"rendered":"<p>Fondatrice Concert&rsquo;RH \u00c9lisabeth Grosse Psychosociologue, Consultante en organisation du travail, Intervenante en Pr\u00e9vention des Risques Professionnels &#8211; IPRP En savoir plus L&rsquo;\u00e9quipe G\u00e9raldine Beranger Psychologue clinicienne, consultante en pr\u00e9vention des RPS, prise en charge des situations de souffrance au travail En savoir plus Christophe Rogier M\u00e9decin, Pr\u00e9vention des risques professionnels et infectieux, Direction d\u2019entreprise, Haute [&hellip;]<\/p>\n","protected":false},"author":1,"featured_media":2066,"parent":0,"menu_order":5,"comment_status":"closed","ping_status":"closed","template":"","meta":[],"_links":{"self":[{"href":"https:\/\/concertrh.com\/index.php\/wp-json\/wp\/v2\/pages\/214"}],"collection":[{"href":"https:\/\/concertrh.com\/index.php\/wp-json\/wp\/v2\/pages"}],"about":[{"href":"https:\/\/concertrh.com\/index.php\/wp-json\/wp\/v2\/types\/page"}],"author":[{"embeddable":true,"href":"https:\/\/concertrh.com\/index.php\/wp-json\/wp\/v2\/users\/1"}],"replies":[{"embeddable":true,"href":"https:\/\/concertrh.com\/index.php\/wp-json\/wp\/v2\/comments?post=214"}],"version-history":[{"count":189,"href":"https:\/\/concertrh.com\/index.php\/wp-json\/wp\/v2\/pages\/214\/revisions"}],"predecessor-version":[{"id":2929,"href":"https:\/\/concertrh.com\/index.php\/wp-json\/wp\/v2\/pages\/214\/revisions\/2929"}],"wp:featuredmedia":[{"embeddable":true,"href":"https:\/\/concertrh.com\/index.php\/wp-json\/wp\/v2\/media\/2066"}],"wp:attachment":[{"href":"https:\/\/concertrh.com\/index.php\/wp-json\/wp\/v2\/media?parent=214"}],"curies":[{"name":"wp","href":"https:\/\/api.w.org\/{rel}","templated":true}]}}