{"id":2643,"date":"2022-09-14T18:32:59","date_gmt":"2022-09-14T16:32:59","guid":{"rendered":"http:\/\/concertrh.com\/index.php\/expertise\/accompagnement-du-changement\/"},"modified":"2022-09-16T18:44:52","modified_gmt":"2022-09-16T16:44:52","slug":"accompagnement-du-changement","status":"publish","type":"page","link":"https:\/\/concertrh.com\/index.php\/expertise\/accompagnement-du-changement\/","title":{"rendered":"M\u00e9diation, r\u00e9gulation des relations d\u2019\u00e9quipes"},"content":{"rendered":"\t\t<div data-elementor-type=\"wp-page\" data-elementor-id=\"2643\" class=\"elementor elementor-2643\">\n\t\t\t\t\t\t<div class=\"elementor-inner\">\n\t\t\t\t<div class=\"elementor-section-wrap\">\n\t\t\t\t\t\t\t\t\t<section class=\"elementor-section elementor-top-section elementor-element elementor-element-7346bbb elementor-section-boxed elementor-section-height-default elementor-section-height-default\" data-id=\"7346bbb\" data-element_type=\"section\">\n\t\t\t\t\t\t<div class=\"elementor-container elementor-column-gap-default\">\n\t\t\t\t\t\t\t<div class=\"elementor-row\">\n\t\t\t\t\t<div class=\"elementor-column elementor-col-50 elementor-top-column elementor-element elementor-element-96daf48\" data-id=\"96daf48\" data-element_type=\"column\">\n\t\t\t<div class=\"elementor-column-wrap elementor-element-populated\">\n\t\t\t\t\t\t\t<div class=\"elementor-widget-wrap\">\n\t\t\t\t\t\t<div class=\"elementor-element elementor-element-d720c61 elementor-widget elementor-widget-text-editor\" data-id=\"d720c61\" data-element_type=\"widget\" data-widget_type=\"text-editor.default\">\n\t\t\t\t<div class=\"elementor-widget-container\">\n\t\t\t\t\t\t\t\t<div class=\"elementor-text-editor elementor-clearfix\">\n\t\t\t\t<p><span style=\"color: #2b67c5;\"><strong>VOS ENJEUX<\/strong><\/span><\/p><p style=\"margin: 0cm;\">\u2022<strong>\u00a0anticiper<\/strong> et g\u00e9rer les conflits, les incompr\u00e9hensions\u00a0<\/p><p style=\"margin: 0cm;\">\u2022\u00a0<strong>s\u00e9curiser<\/strong> les aspects humains et organisationnels des \u00e9quipes<\/p><p style=\"margin: 0cm;\">\u2022\u00a0<strong>permettre<\/strong> le d\u00e9veloppement de l\u2019activit\u00e9, en conciliant les visions<\/p><p style=\"margin: 0cm;\">\u2022\u00a0<strong>am\u00e9liorer l<\/strong>e fonctionnement des partenariats dans le respect des individualit\u00e9s<\/p>\t\t\t\t\t<\/div>\n\t\t\t\t\t\t<\/div>\n\t\t\t\t<\/div>\n\t\t\t\t\t\t<\/div>\n\t\t\t\t\t<\/div>\n\t\t<\/div>\n\t\t\t\t<div class=\"elementor-column elementor-col-50 elementor-top-column elementor-element elementor-element-2c7d3a5\" data-id=\"2c7d3a5\" data-element_type=\"column\">\n\t\t\t<div class=\"elementor-column-wrap elementor-element-populated\">\n\t\t\t\t\t\t\t<div class=\"elementor-widget-wrap\">\n\t\t\t\t\t\t<div class=\"elementor-element elementor-element-e25dded elementor-widget elementor-widget-text-editor\" data-id=\"e25dded\" data-element_type=\"widget\" data-widget_type=\"text-editor.default\">\n\t\t\t\t<div class=\"elementor-widget-container\">\n\t\t\t\t\t\t\t\t<div class=\"elementor-text-editor elementor-clearfix\">\n\t\t\t\t<p><span style=\"color: #2b67c5;\"><strong>VOS OBJECTIFS<\/strong><\/span><\/p><p style=\"margin: 0cm;\">\u2022 <b>g\u00e9rer\u00a0et d\u00e9passer <\/b>la situation de conflit d\u00e9clar\u00e9 ou non d\u00e9clar\u00e9<\/p><p style=\"margin: 0cm;\"><b>\u2022 accompagner <\/b>les \u00e9quipes \u00e0 atteindre leurs objectifs de d\u00e9veloppement<\/p><p style=\"margin: 0cm;\"><b>\u2022 r\u00e9tablir <\/b>le dialogue<\/p><p style=\"margin: 0cm;\"><b>\u2022 restaurer ou instaurer <\/b>des relations professionnelles de confiance<\/p><p style=\"margin: 0cm;\"><b>\u2022 (re)cr\u00e9er <\/b>les conditions de la coop\u00e9ration n\u00e9cessaire \u00e0 la performance et \u00e0 la qualit\u00e9 de vie au travail<\/p>\t\t\t\t\t<\/div>\n\t\t\t\t\t\t<\/div>\n\t\t\t\t<\/div>\n\t\t\t\t\t\t<\/div>\n\t\t\t\t\t<\/div>\n\t\t<\/div>\n\t\t\t\t\t\t\t\t<\/div>\n\t\t\t\t\t<\/div>\n\t\t<\/section>\n\t\t\t\t<section class=\"elementor-section elementor-top-section elementor-element elementor-element-644162d elementor-section-boxed elementor-section-height-default elementor-section-height-default\" data-id=\"644162d\" data-element_type=\"section\">\n\t\t\t\t\t\t<div class=\"elementor-container elementor-column-gap-default\">\n\t\t\t\t\t\t\t<div class=\"elementor-row\">\n\t\t\t\t\t<div class=\"elementor-column elementor-col-100 elementor-top-column elementor-element elementor-element-55b0846\" data-id=\"55b0846\" data-element_type=\"column\">\n\t\t\t<div class=\"elementor-column-wrap elementor-element-populated\">\n\t\t\t\t\t\t\t<div class=\"elementor-widget-wrap\">\n\t\t\t\t\t\t<div class=\"elementor-element elementor-element-171691f elementor-widget elementor-widget-text-editor\" data-id=\"171691f\" data-element_type=\"widget\" data-widget_type=\"text-editor.default\">\n\t\t\t\t<div class=\"elementor-widget-container\">\n\t\t\t\t\t\t\t\t<div class=\"elementor-text-editor elementor-clearfix\">\n\t\t\t\t<p style=\"text-align: center;\"><span style=\"color: #3366ff;\"><span style=\"color: #f85d41;\"><span style=\"color: #f85d41;\"><b>Notre approche est centr\u00e9e sur la coop\u00e9ration et notre accompagnement\u00a0vise \u00e0 :\u00a0<\/b><\/span><\/span><\/span><\/p><p style=\"margin: 0cm;\"><b>\u2022 identifier <\/b>les leviers, les ressources mobilisables pour restaurer\/d\u00e9velopper l\u2019esprit d\u2019\u00e9quipe<\/p><p style=\"margin: 0cm;\"><b>\u2022 favoriser <\/b>le dialogue pour contribuer \u00e0 la responsabilisation et au d\u00e9veloppement de l\u2019autonomie de chacun<\/p><p style=\"margin: 0cm;\"><b>\u2022 \u00e9laborer <\/b>un plan d\u2019action concret, suivi d\u2019un accompagnement dans la mise en \u0153uvre<\/p><p style=\"margin: 0cm;\"><b>\u2022 signer <\/b>un protocole d\u2019accord<\/p>\t\t\t\t\t<\/div>\n\t\t\t\t\t\t<\/div>\n\t\t\t\t<\/div>\n\t\t\t\t\t\t<\/div>\n\t\t\t\t\t<\/div>\n\t\t<\/div>\n\t\t\t\t\t\t\t\t<\/div>\n\t\t\t\t\t<\/div>\n\t\t<\/section>\n\t\t\t\t<section class=\"elementor-section elementor-top-section elementor-element elementor-element-187080c elementor-section-boxed elementor-section-height-default elementor-section-height-default\" data-id=\"187080c\" data-element_type=\"section\">\n\t\t\t\t\t\t<div class=\"elementor-container elementor-column-gap-default\">\n\t\t\t\t\t\t\t<div class=\"elementor-row\">\n\t\t\t\t\t<div class=\"elementor-column elementor-col-66 elementor-top-column elementor-element elementor-element-4aad7d2\" data-id=\"4aad7d2\" data-element_type=\"column\">\n\t\t\t<div class=\"elementor-column-wrap elementor-element-populated\">\n\t\t\t\t\t\t\t<div class=\"elementor-widget-wrap\">\n\t\t\t\t\t\t<div class=\"elementor-element elementor-element-bacdd87 elementor-widget elementor-widget-text-editor\" data-id=\"bacdd87\" data-element_type=\"widget\" data-widget_type=\"text-editor.default\">\n\t\t\t\t<div class=\"elementor-widget-container\">\n\t\t\t\t\t\t\t\t<div class=\"elementor-text-editor elementor-clearfix\">\n\t\t\t\t<p><strong><span style=\"color: #3366ff;\"><span style=\"color: #f85d41;\">&gt; Nos solutions<\/span><br \/><\/span><\/strong>\u2022 Dispositif de m\u00e9diation et gestion de conflit\u00a0<br \/>\u2022 Coaching individuel et d\u2019\u00e9quipe<br \/>\u2022 Ateliers de co-d\u00e9veloppement<br \/>\u2022 Audit des pratiques manag\u00e9riales<\/p>\t\t\t\t\t<\/div>\n\t\t\t\t\t\t<\/div>\n\t\t\t\t<\/div>\n\t\t\t\t\t\t<\/div>\n\t\t\t\t\t<\/div>\n\t\t<\/div>\n\t\t\t\t<div class=\"elementor-column elementor-col-33 elementor-top-column elementor-element elementor-element-9871775\" data-id=\"9871775\" data-element_type=\"column\">\n\t\t\t<div class=\"elementor-column-wrap elementor-element-populated\">\n\t\t\t\t\t\t\t<div class=\"elementor-widget-wrap\">\n\t\t\t\t\t\t<div class=\"elementor-element elementor-element-4ed9cc5 elementor-widget elementor-widget-image\" data-id=\"4ed9cc5\" data-element_type=\"widget\" data-widget_type=\"image.default\">\n\t\t\t\t<div class=\"elementor-widget-container\">\n\t\t\t\t\t\t\t\t<div class=\"elementor-image\">\n\t\t\t\t\t\t\t\t\t\t\t\t<img width=\"1024\" height=\"880\" src=\"https:\/\/concertrh.com\/wp-content\/uploads\/2021\/01\/ConcertRH_carre8-1024x880.jpg\" class=\"attachment-large size-large\" alt=\"\" loading=\"lazy\" srcset=\"https:\/\/concertrh.com\/wp-content\/uploads\/2021\/01\/ConcertRH_carre8-1024x880.jpg 1024w, https:\/\/concertrh.com\/wp-content\/uploads\/2021\/01\/ConcertRH_carre8-300x258.jpg 300w, https:\/\/concertrh.com\/wp-content\/uploads\/2021\/01\/ConcertRH_carre8-768x660.jpg 768w, https:\/\/concertrh.com\/wp-content\/uploads\/2021\/01\/ConcertRH_carre8-1536x1320.jpg 1536w, https:\/\/concertrh.com\/wp-content\/uploads\/2021\/01\/ConcertRH_carre8.jpg 1792w\" sizes=\"(max-width: 1024px) 100vw, 1024px\" \/>\t\t\t\t\t\t\t\t\t\t\t\t\t\t<\/div>\n\t\t\t\t\t\t<\/div>\n\t\t\t\t<\/div>\n\t\t\t\t\t\t<\/div>\n\t\t\t\t\t<\/div>\n\t\t<\/div>\n\t\t\t\t\t\t\t\t<\/div>\n\t\t\t\t\t<\/div>\n\t\t<\/section>\n\t\t\t\t\t\t\t\t\t<\/div>\n\t\t\t<\/div>\n\t\t\t\t\t<\/div>\n\t\t","protected":false},"excerpt":{"rendered":"<p>VOS ENJEUX \u2022&nbsp;anticiper et g\u00e9rer les conflits, les incompr\u00e9hensions&nbsp; \u2022&nbsp;s\u00e9curiser les aspects humains et organisationnels des \u00e9quipes \u2022&nbsp;permettre le d\u00e9veloppement de l\u2019activit\u00e9, en conciliant les visions \u2022&nbsp;am\u00e9liorer le fonctionnement des partenariats dans le respect des individualit\u00e9s VOS OBJECTIFS \u2022 g\u00e9rer&nbsp;et d\u00e9passer la situation de conflit d\u00e9clar\u00e9 ou non d\u00e9clar\u00e9 \u2022 accompagner les \u00e9quipes \u00e0 atteindre [&hellip;]<\/p>\n","protected":false},"author":1,"featured_media":2770,"parent":143,"menu_order":4,"comment_status":"closed","ping_status":"closed","template":"","meta":[],"_links":{"self":[{"href":"https:\/\/concertrh.com\/index.php\/wp-json\/wp\/v2\/pages\/2643"}],"collection":[{"href":"https:\/\/concertrh.com\/index.php\/wp-json\/wp\/v2\/pages"}],"about":[{"href":"https:\/\/concertrh.com\/index.php\/wp-json\/wp\/v2\/types\/page"}],"author":[{"embeddable":true,"href":"https:\/\/concertrh.com\/index.php\/wp-json\/wp\/v2\/users\/1"}],"replies":[{"embeddable":true,"href":"https:\/\/concertrh.com\/index.php\/wp-json\/wp\/v2\/comments?post=2643"}],"version-history":[{"count":24,"href":"https:\/\/concertrh.com\/index.php\/wp-json\/wp\/v2\/pages\/2643\/revisions"}],"predecessor-version":[{"id":2763,"href":"https:\/\/concertrh.com\/index.php\/wp-json\/wp\/v2\/pages\/2643\/revisions\/2763"}],"up":[{"embeddable":true,"href":"https:\/\/concertrh.com\/index.php\/wp-json\/wp\/v2\/pages\/143"}],"wp:featuredmedia":[{"embeddable":true,"href":"https:\/\/concertrh.com\/index.php\/wp-json\/wp\/v2\/media\/2770"}],"wp:attachment":[{"href":"https:\/\/concertrh.com\/index.php\/wp-json\/wp\/v2\/media?parent=2643"}],"curies":[{"name":"wp","href":"https:\/\/api.w.org\/{rel}","templated":true}]}}