{"id":2693,"date":"2022-09-15T10:26:40","date_gmt":"2022-09-15T08:26:40","guid":{"rendered":"http:\/\/concertrh.com\/index.php\/cas-dintervention\/harcelement-moral-presume\/"},"modified":"2022-09-16T19:05:53","modified_gmt":"2022-09-16T17:05:53","slug":"harcelement-moral-presume","status":"publish","type":"page","link":"https:\/\/concertrh.com\/index.php\/cas-dintervention\/harcelement-moral-presume\/","title":{"rendered":"Harc\u00e8lement moral pr\u00e9sum\u00e9"},"content":{"rendered":"\t\t<div data-elementor-type=\"wp-page\" data-elementor-id=\"2693\" class=\"elementor elementor-2693\">\n\t\t\t\t\t\t<div class=\"elementor-inner\">\n\t\t\t\t<div class=\"elementor-section-wrap\">\n\t\t\t\t\t\t\t\t\t<section class=\"elementor-section elementor-top-section elementor-element elementor-element-b6e77e3 elementor-section-boxed elementor-section-height-default elementor-section-height-default\" data-id=\"b6e77e3\" data-element_type=\"section\">\n\t\t\t\t\t\t<div class=\"elementor-container elementor-column-gap-default\">\n\t\t\t\t\t\t\t<div class=\"elementor-row\">\n\t\t\t\t\t<div class=\"elementor-column elementor-col-66 elementor-top-column elementor-element elementor-element-aaa7580\" data-id=\"aaa7580\" data-element_type=\"column\">\n\t\t\t<div class=\"elementor-column-wrap elementor-element-populated\">\n\t\t\t\t\t\t\t<div class=\"elementor-widget-wrap\">\n\t\t\t\t\t\t<div class=\"elementor-element elementor-element-7b9e386 elementor-widget elementor-widget-text-editor\" data-id=\"7b9e386\" data-element_type=\"widget\" data-widget_type=\"text-editor.default\">\n\t\t\t\t<div class=\"elementor-widget-container\">\n\t\t\t\t\t\t\t\t<div class=\"elementor-text-editor elementor-clearfix\">\n\t\t\t\t<p><span style=\"color: #ff6600;\"><strong>ENJEUX<\/strong><\/span><br \/>\u2022 \u00e9valuer le risque juridique<br \/>\u2022 objectiver la situation probl\u00e9matique rencontr\u00e9e<br \/>\u2022 anticiper les typologies de situations et d\u00e9velopper une politique de pr\u00e9vention des risques humains et organisationnels efficace<\/p>\n<p><span style=\"color: #ff6600;\"><strong>M\u00c9THODE<\/strong><\/span><br \/>\u2022 pr\u00e9-diagnostic : comprendre la strat\u00e9gie, l\u2019organisation, les enjeux op\u00e9rationnels, la culture, le profil des salari\u00e9s, les premi\u00e8res zones de risque<br \/>\u2022 diagnostic terrain aupr\u00e8s de 10 collaborateurs, choisis selon leur proximit\u00e9<\/p>\n<p><strong><span style=\"color: #ff6600;\">OUTILS<\/span><\/strong><br \/>Entretiens \u2013 Analyse documentaire &#8211; Visite approfondie des bureaux pour comprendre les situations concr\u00e8tes de travail<\/p>\n<p><strong><span style=\"color: #ff6600;\">LIVRABLES<\/span><\/strong><br \/>\u2022 <strong>note de synth\u00e8se<\/strong> pr\u00e9sent\u00e9e \u00e0 la direction et soumise \u00e0 discussion en vue d\u2019une restitution aupr\u00e8s des int\u00e9ress\u00e9s<br \/>\u2022 <strong>restitution<\/strong> aupr\u00e8s des protagonistes<\/p>\t\t\t\t\t<\/div>\n\t\t\t\t\t\t<\/div>\n\t\t\t\t<\/div>\n\t\t\t\t\t\t<\/div>\n\t\t\t\t\t<\/div>\n\t\t<\/div>\n\t\t\t\t<div class=\"elementor-column elementor-col-33 elementor-top-column elementor-element elementor-element-27ba655\" data-id=\"27ba655\" data-element_type=\"column\">\n\t\t\t<div class=\"elementor-column-wrap elementor-element-populated\">\n\t\t\t\t\t\t\t<div class=\"elementor-widget-wrap\">\n\t\t\t\t\t\t<div class=\"elementor-element elementor-element-a3b5084 elementor-widget elementor-widget-text-editor\" data-id=\"a3b5084\" data-element_type=\"widget\" data-widget_type=\"text-editor.default\">\n\t\t\t\t<div class=\"elementor-widget-container\">\n\t\t\t\t\t\t\t\t<div class=\"elementor-text-editor elementor-clearfix\">\n\t\t\t\t<p><span style=\"color: #ff6600;\"><strong>Recommandations<br \/><\/strong><\/span><strong>Pr\u00e9vention des risques<\/strong><br \/>\u2022 prendre en compte \u00absignaux faibles\u00bb<br \/>\u2022 g\u00e9rer des situations de d\u00e9crochage<br \/>\u2022 mettre en place d\u2019une proc\u00e9dure d\u2019alerte<br \/>\u2022 Identifier une voie de recours<br \/>\u2022 mettre en conformit\u00e9 le DUER<\/p><p><strong>Management<\/strong><br \/>\u2022 \u00e9claircir les r\u00f4les et niveau de d\u00e9l\u00e9gation des fonctions : management direct, RH et Direction<br \/>\u2022 organiser une circulation des informations du Codir<\/p>\t\t\t\t\t<\/div>\n\t\t\t\t\t\t<\/div>\n\t\t\t\t<\/div>\n\t\t\t\t\t\t<\/div>\n\t\t\t\t\t<\/div>\n\t\t<\/div>\n\t\t\t\t\t\t\t\t<\/div>\n\t\t\t\t\t<\/div>\n\t\t<\/section>\n\t\t\t\t<section class=\"elementor-section elementor-top-section elementor-element elementor-element-678371c elementor-section-boxed elementor-section-height-default elementor-section-height-default\" data-id=\"678371c\" data-element_type=\"section\">\n\t\t\t\t\t\t<div class=\"elementor-container elementor-column-gap-default\">\n\t\t\t\t\t\t\t<div class=\"elementor-row\">\n\t\t\t\t\t<div class=\"elementor-column elementor-col-66 elementor-top-column elementor-element elementor-element-80f0ab8\" data-id=\"80f0ab8\" data-element_type=\"column\">\n\t\t\t<div class=\"elementor-column-wrap elementor-element-populated\">\n\t\t\t\t\t\t\t<div class=\"elementor-widget-wrap\">\n\t\t\t\t\t\t<div class=\"elementor-element elementor-element-dee203a elementor-widget elementor-widget-text-editor\" data-id=\"dee203a\" data-element_type=\"widget\" data-widget_type=\"text-editor.default\">\n\t\t\t\t<div class=\"elementor-widget-container\">\n\t\t\t\t\t\t\t\t<div class=\"elementor-text-editor elementor-clearfix\">\n\t\t\t\t<p><span style=\"color: #ff6600;\"><strong>RESULTATS<\/strong><\/span><br \/>\u2022 <strong>Evaluation<\/strong> du risque p\u00e9nal<br \/>\u2022 <strong>Appui \u00e0 la n\u00e9gociation<\/strong> d\u2019une rupture conventionnelle<br \/>\u2022 <strong>Accompagnement<\/strong>\u00a0les acteurs de la situation<br \/>\u2022 <strong>Mise en place<\/strong> une politique de pr\u00e9vention des risques<\/p>\t\t\t\t\t<\/div>\n\t\t\t\t\t\t<\/div>\n\t\t\t\t<\/div>\n\t\t\t\t\t\t<\/div>\n\t\t\t\t\t<\/div>\n\t\t<\/div>\n\t\t\t\t<div class=\"elementor-column elementor-col-33 elementor-top-column elementor-element elementor-element-33578f7\" data-id=\"33578f7\" data-element_type=\"column\">\n\t\t\t<div class=\"elementor-column-wrap elementor-element-populated\">\n\t\t\t\t\t\t\t<div class=\"elementor-widget-wrap\">\n\t\t\t\t\t\t<div class=\"elementor-element elementor-element-9ec8a4f elementor-widget elementor-widget-image\" data-id=\"9ec8a4f\" data-element_type=\"widget\" data-widget_type=\"image.default\">\n\t\t\t\t<div class=\"elementor-widget-container\">\n\t\t\t\t\t\t\t\t<div class=\"elementor-image\">\n\t\t\t\t\t\t\t\t\t\t\t\t<img width=\"1024\" height=\"880\" src=\"https:\/\/concertrh.com\/wp-content\/uploads\/2021\/01\/ConcertRH_carre2-1024x880.jpg\" class=\"attachment-large size-large\" alt=\"\" loading=\"lazy\" srcset=\"https:\/\/concertrh.com\/wp-content\/uploads\/2021\/01\/ConcertRH_carre2-1024x880.jpg 1024w, https:\/\/concertrh.com\/wp-content\/uploads\/2021\/01\/ConcertRH_carre2-300x258.jpg 300w, https:\/\/concertrh.com\/wp-content\/uploads\/2021\/01\/ConcertRH_carre2-768x660.jpg 768w, https:\/\/concertrh.com\/wp-content\/uploads\/2021\/01\/ConcertRH_carre2-1536x1320.jpg 1536w, https:\/\/concertrh.com\/wp-content\/uploads\/2021\/01\/ConcertRH_carre2.jpg 1792w\" sizes=\"(max-width: 1024px) 100vw, 1024px\" \/>\t\t\t\t\t\t\t\t\t\t\t\t\t\t<\/div>\n\t\t\t\t\t\t<\/div>\n\t\t\t\t<\/div>\n\t\t\t\t\t\t<\/div>\n\t\t\t\t\t<\/div>\n\t\t<\/div>\n\t\t\t\t\t\t\t\t<\/div>\n\t\t\t\t\t<\/div>\n\t\t<\/section>\n\t\t\t\t<section class=\"elementor-section elementor-top-section elementor-element elementor-element-857571e elementor-section-boxed elementor-section-height-default elementor-section-height-default\" data-id=\"857571e\" data-element_type=\"section\">\n\t\t\t\t\t\t<div class=\"elementor-container elementor-column-gap-default\">\n\t\t\t\t\t\t\t<div class=\"elementor-row\">\n\t\t\t\t\t<div class=\"elementor-column elementor-col-100 elementor-top-column elementor-element elementor-element-231be68\" data-id=\"231be68\" data-element_type=\"column\">\n\t\t\t<div class=\"elementor-column-wrap elementor-element-populated\">\n\t\t\t\t\t\t\t<div class=\"elementor-widget-wrap\">\n\t\t\t\t\t\t<div class=\"elementor-element elementor-element-05e65f5 elementor-widget elementor-widget-spacer\" data-id=\"05e65f5\" data-element_type=\"widget\" data-widget_type=\"spacer.default\">\n\t\t\t\t<div class=\"elementor-widget-container\">\n\t\t\t\t\t<div class=\"elementor-spacer\">\n\t\t\t<div class=\"elementor-spacer-inner\"><\/div>\n\t\t<\/div>\n\t\t\t\t<\/div>\n\t\t\t\t<\/div>\n\t\t\t\t\t\t<\/div>\n\t\t\t\t\t<\/div>\n\t\t<\/div>\n\t\t\t\t\t\t\t\t<\/div>\n\t\t\t\t\t<\/div>\n\t\t<\/section>\n\t\t\t\t<section class=\"elementor-section elementor-top-section elementor-element elementor-element-68a046c elementor-section-boxed elementor-section-height-default elementor-section-height-default\" data-id=\"68a046c\" data-element_type=\"section\">\n\t\t\t\t\t\t<div class=\"elementor-container elementor-column-gap-default\">\n\t\t\t\t\t\t\t<div class=\"elementor-row\">\n\t\t\t\t\t<div class=\"elementor-column elementor-col-100 elementor-top-column elementor-element elementor-element-0f34da4\" data-id=\"0f34da4\" data-element_type=\"column\">\n\t\t\t<div class=\"elementor-column-wrap elementor-element-populated\">\n\t\t\t\t\t\t\t<div class=\"elementor-widget-wrap\">\n\t\t\t\t\t\t<div class=\"elementor-element elementor-element-bdbfac1 elementor-widget elementor-widget-text-editor\" data-id=\"bdbfac1\" data-element_type=\"widget\" data-widget_type=\"text-editor.default\">\n\t\t\t\t<div class=\"elementor-widget-container\">\n\t\t\t\t\t\t\t\t<div class=\"elementor-text-editor elementor-clearfix\">\n\t\t\t\t<section class=\"elementor-section elementor-top-section elementor-element elementor-element-8c9dfe8 elementor-section-boxed elementor-section-height-default elementor-section-height-default\" data-id=\"8c9dfe8\" data-element_type=\"section\"><div class=\"elementor-container elementor-column-gap-default\"><div class=\"elementor-row\"><div class=\"elementor-column elementor-col-100 elementor-top-column elementor-element elementor-element-7ec3e9b\" data-id=\"7ec3e9b\" data-element_type=\"column\"><div class=\"elementor-column-wrap elementor-element-populated\"><div class=\"elementor-widget-wrap\"><div class=\"elementor-element elementor-element-b188a9e elementor-widget elementor-widget-text-editor\" data-id=\"b188a9e\" data-element_type=\"widget\" data-widget_type=\"text-editor.default\"><div class=\"elementor-widget-container\"><div class=\"elementor-text-editor elementor-clearfix\"><p style=\"text-align: center;\"><strong><a href=\"http:\/\/concertrh.com\/index.php\/cas-dintervention\/\"><em><span><span style=\"color: #2b67c5;\">&lt; Retour aux cas d\u2019intervention &gt;<\/span><\/span><\/em><\/a><\/strong><\/p><\/div><\/div><\/div><\/div><\/div><\/div><\/div><\/div><\/section>\t\t\t\t\t<\/div>\n\t\t\t\t\t\t<\/div>\n\t\t\t\t<\/div>\n\t\t\t\t\t\t<\/div>\n\t\t\t\t\t<\/div>\n\t\t<\/div>\n\t\t\t\t\t\t\t\t<\/div>\n\t\t\t\t\t<\/div>\n\t\t<\/section>\n\t\t\t\t\t\t\t\t\t<\/div>\n\t\t\t<\/div>\n\t\t\t\t\t<\/div>\n\t\t","protected":false},"excerpt":{"rendered":"<p>ENJEUX \u2022 \u00e9valuer le risque juridique \u2022 objectiver la situation probl\u00e9matique rencontr\u00e9e \u2022 anticiper les typologies de situations et d\u00e9velopper une politique de pr\u00e9vention des risques humains et organisationnels efficace M\u00c9THODE \u2022 pr\u00e9-diagnostic : comprendre la strat\u00e9gie, l\u2019organisation, les enjeux op\u00e9rationnels, la culture, le profil des salari\u00e9s, les premi\u00e8res zones de risque \u2022 diagnostic terrain [&hellip;]<\/p>\n","protected":false},"author":1,"featured_media":2769,"parent":169,"menu_order":3,"comment_status":"closed","ping_status":"closed","template":"","meta":[],"_links":{"self":[{"href":"https:\/\/concertrh.com\/index.php\/wp-json\/wp\/v2\/pages\/2693"}],"collection":[{"href":"https:\/\/concertrh.com\/index.php\/wp-json\/wp\/v2\/pages"}],"about":[{"href":"https:\/\/concertrh.com\/index.php\/wp-json\/wp\/v2\/types\/page"}],"author":[{"embeddable":true,"href":"https:\/\/concertrh.com\/index.php\/wp-json\/wp\/v2\/users\/1"}],"replies":[{"embeddable":true,"href":"https:\/\/concertrh.com\/index.php\/wp-json\/wp\/v2\/comments?post=2693"}],"version-history":[{"count":4,"href":"https:\/\/concertrh.com\/index.php\/wp-json\/wp\/v2\/pages\/2693\/revisions"}],"predecessor-version":[{"id":2829,"href":"https:\/\/concertrh.com\/index.php\/wp-json\/wp\/v2\/pages\/2693\/revisions\/2829"}],"up":[{"embeddable":true,"href":"https:\/\/concertrh.com\/index.php\/wp-json\/wp\/v2\/pages\/169"}],"wp:featuredmedia":[{"embeddable":true,"href":"https:\/\/concertrh.com\/index.php\/wp-json\/wp\/v2\/media\/2769"}],"wp:attachment":[{"href":"https:\/\/concertrh.com\/index.php\/wp-json\/wp\/v2\/media?parent=2693"}],"curies":[{"name":"wp","href":"https:\/\/api.w.org\/{rel}","templated":true}]}}